{"id":356156,"date":"2026-03-08T01:42:39","date_gmt":"2026-03-08T00:42:39","guid":{"rendered":"https:\/\/grupotextil.es\/producto\/camiseta-manga-larga-classic\/"},"modified":"2026-03-08T01:42:39","modified_gmt":"2026-03-08T00:42:39","slug":"camiseta-manga-larga-classic","status":"publish","type":"product","link":"https:\/\/grupotextil.es\/ca\/product\/camiseta-manga-larga-classic\/","title":{"rendered":"T-Shirt Long Sleeve Classic"},"content":{"rendered":"<ul>\n<li>180 g\/m\u00b2 White: 175 g\/m\u00b2)<\/li>\n<li>100% algod\u00f3n, ringspun (single jersey)<\/li>\n<li>Tejido de punto fino superior para obtener excelentes y duraderos resultados de decoraci\u00f3n<\/li>\n<li>Cuello punto canal\u00e9 1&#215;1 con pespunte<\/li>\n<li>Cinta de cuello de hombro a hombro<\/li>\n<li>Ca\u00edda tubular<\/li>\n<li>Ajuste cl\u00e1sico<\/li>\n<\/ul>","protected":false},"excerpt":{"rendered":"<p>180 g\/m\u00b2 White: 175 g\/m\u00b2)100% algod\u00f3n, ringspun (single jersey)Tejido de punto fino superior para obtener excelentes y duraderos resultados de decoraci\u00f3nCuello punto canal\u00e9 1&#215;1 con pespunteCinta de cu<\/p>","protected":false},"featured_media":409049,"comment_status":"open","ping_status":"closed","template":"","meta":{"_acf_changed":false},"product_brand":[11670],"product_cat":[13931,13977,13986,13974,13930,13975,13973],"product_tag":[],"class_list":{"0":"post-356156","1":"product","2":"type-product","3":"status-publish","4":"has-post-thumbnail","6":"product_brand-russell-europe","7":"product_cat-rl-alta-visibilidad","8":"product_cat-h-camisetas-manga-corta","9":"product_cat-m-camisetas-manga-corta","10":"product_cat-ropa-hombre","11":"product_cat-laboral","12":"product_cat-ropa-mujer","13":"product_cat-ropa","14":"tm-no-options","16":"first","17":"instock","18":"taxable","19":"shipping-taxable","20":"product-type-variable"},"acf":[],"_links":{"self":[{"href":"https:\/\/grupotextil.es\/ca\/wp-json\/wp\/v2\/product\/356156","targetHints":{"allow":["GET"]}}],"collection":[{"href":"https:\/\/grupotextil.es\/ca\/wp-json\/wp\/v2\/product"}],"about":[{"href":"https:\/\/grupotextil.es\/ca\/wp-json\/wp\/v2\/types\/product"}],"replies":[{"embeddable":true,"href":"https:\/\/grupotextil.es\/ca\/wp-json\/wp\/v2\/comments?post=356156"}],"wp:featuredmedia":[{"embeddable":true,"href":"https:\/\/grupotextil.es\/ca\/wp-json\/wp\/v2\/media\/409049"}],"wp:attachment":[{"href":"https:\/\/grupotextil.es\/ca\/wp-json\/wp\/v2\/media?parent=356156"}],"wp:term":[{"taxonomy":"product_brand","embeddable":true,"href":"https:\/\/grupotextil.es\/ca\/wp-json\/wp\/v2\/product_brand?post=356156"},{"taxonomy":"product_cat","embeddable":true,"href":"https:\/\/grupotextil.es\/ca\/wp-json\/wp\/v2\/product_cat?post=356156"},{"taxonomy":"product_tag","embeddable":true,"href":"https:\/\/grupotextil.es\/ca\/wp-json\/wp\/v2\/product_tag?post=356156"}],"curies":[{"name":"wp","href":"https:\/\/api.w.org\/{rel}","templated":true}]}}