{"id":356189,"date":"2026-03-08T01:42:51","date_gmt":"2026-03-08T00:42:51","guid":{"rendered":"https:\/\/grupotextil.es\/producto\/camiseta-iconic-150-nino\/"},"modified":"2026-03-08T01:42:51","modified_gmt":"2026-03-08T00:42:51","slug":"camiseta-iconic-150-nino","status":"publish","type":"product","link":"https:\/\/grupotextil.es\/ca\/product\/camiseta-iconic-150-nino\/","title":{"rendered":"T-Shirt Iconic 150 Kids"},"content":{"rendered":"<ul>\n<li>150 g\/m\u00b2 (blanco: 145 g\/m\u00b2)<\/li>\n<li>100% algod\u00f3n peinado ring-spun<\/li>\n<li>Heather Grey: 97% algod\u00f3n, 3% poli\u00e9ster<\/li>\n<li>Otros colores Heather: 52% algod\u00f3n, 48% poli\u00e9ster<\/li>\n<li>Tacto suave<\/li>\n<li>Cuello redondo en canal\u00e9<\/li>\n<li>Cinta interior en el cuello<\/li>\n<li>Etiqueta extra\u00edble<\/li>\n<li>Mangas ajustadas<\/li>\n<li>Tejido tubular<\/li>\n<li>Corte ajustado fashion.<\/li>\n<\/ul>","protected":false},"excerpt":{"rendered":"<p>150 g\/m\u00b2 (blanco: 145 g\/m\u00b2)100% algod\u00f3n peinado ring-spunHeather Grey: 97% algod\u00f3n, 3% poli\u00e9sterOtros colores Heather: 52% algod\u00f3n, 48% poli\u00e9sterTacto suaveCuello redondo en canal\u00e9Cinta interior en&#8230;<\/p>","protected":false},"featured_media":409057,"comment_status":"open","ping_status":"closed","template":"","meta":{"_acf_changed":false},"product_brand":[11665],"product_cat":[13931,13977,13986,13974,13930,13975,13973],"product_tag":[14009],"class_list":{"0":"post-356189","1":"product","2":"type-product","3":"status-publish","4":"has-post-thumbnail","6":"product_brand-fruit-of-the-loom","7":"product_cat-rl-alta-visibilidad","8":"product_cat-h-camisetas-manga-corta","9":"product_cat-m-camisetas-manga-corta","10":"product_cat-ropa-hombre","11":"product_cat-laboral","12":"product_cat-ropa-mujer","13":"product_cat-ropa","14":"product_tag-top-ventas","15":"tm-no-options","17":"first","18":"instock","19":"taxable","20":"shipping-taxable","21":"product-type-variable"},"acf":[],"_links":{"self":[{"href":"https:\/\/grupotextil.es\/ca\/wp-json\/wp\/v2\/product\/356189","targetHints":{"allow":["GET"]}}],"collection":[{"href":"https:\/\/grupotextil.es\/ca\/wp-json\/wp\/v2\/product"}],"about":[{"href":"https:\/\/grupotextil.es\/ca\/wp-json\/wp\/v2\/types\/product"}],"replies":[{"embeddable":true,"href":"https:\/\/grupotextil.es\/ca\/wp-json\/wp\/v2\/comments?post=356189"}],"wp:featuredmedia":[{"embeddable":true,"href":"https:\/\/grupotextil.es\/ca\/wp-json\/wp\/v2\/media\/409057"}],"wp:attachment":[{"href":"https:\/\/grupotextil.es\/ca\/wp-json\/wp\/v2\/media?parent=356189"}],"wp:term":[{"taxonomy":"product_brand","embeddable":true,"href":"https:\/\/grupotextil.es\/ca\/wp-json\/wp\/v2\/product_brand?post=356189"},{"taxonomy":"product_cat","embeddable":true,"href":"https:\/\/grupotextil.es\/ca\/wp-json\/wp\/v2\/product_cat?post=356189"},{"taxonomy":"product_tag","embeddable":true,"href":"https:\/\/grupotextil.es\/ca\/wp-json\/wp\/v2\/product_tag?post=356189"}],"curies":[{"name":"wp","href":"https:\/\/api.w.org\/{rel}","templated":true}]}}