{"id":356438,"date":"2026-03-08T01:43:33","date_gmt":"2026-03-08T00:43:33","guid":{"rendered":"https:\/\/grupotextil.es\/producto\/stretch-t-for-men\/"},"modified":"2026-03-08T01:43:33","modified_gmt":"2026-03-08T00:43:33","slug":"stretch-t-for-men","status":"publish","type":"product","link":"https:\/\/grupotextil.es\/ca\/product\/stretch-t-for-men\/","title":{"rendered":"Stretch-T for men"},"content":{"rendered":"<ul>\n<li>170 g\/m\u00b2<\/li>\n<li>95% algod\u00f3n peinado ring-spun, 5% elast\u00e1n<\/li>\n<li>Grey Heather: 84% algod\u00f3n, 14% viscosa, 4% elast\u00e1n<\/li>\n<li>Cuello fino en canal\u00e9<\/li>\n<li>Cinta de cuello en color de contraste<\/li>\n<li>Costuras reforzadas en hombros<\/li>\n<li>Dobladillo en las mangas<\/li>\n<li>Costuras laterales<\/li>\n<li>Corte ajustado<\/li>\n<\/ul>","protected":false},"excerpt":{"rendered":"<p>170 g\/m\u00b295% algod\u00f3n peinado ring-spun, 5% elast\u00e1nGrey Heather: 84% algod\u00f3n, 14% viscosa, 4% elast\u00e1nCuello fino en canal\u00e9Cinta de cuello en color de contrasteCosturas reforzadas en hombrosDobladillo en<\/p>","protected":false},"featured_media":409103,"comment_status":"open","ping_status":"closed","template":"","meta":{"_acf_changed":false},"product_brand":[11658],"product_cat":[13931,13986,13977,13974,13930,13975,13973],"product_tag":[],"class_list":{"0":"post-356438","1":"product","2":"type-product","3":"status-publish","4":"has-post-thumbnail","6":"product_brand-stedman","7":"product_cat-rl-alta-visibilidad","8":"product_cat-m-camisetas-manga-corta","9":"product_cat-h-camisetas-manga-corta","10":"product_cat-ropa-hombre","11":"product_cat-laboral","12":"product_cat-ropa-mujer","13":"product_cat-ropa","14":"tm-no-options","16":"first","17":"instock","18":"taxable","19":"shipping-taxable","20":"product-type-variable"},"acf":[],"_links":{"self":[{"href":"https:\/\/grupotextil.es\/ca\/wp-json\/wp\/v2\/product\/356438","targetHints":{"allow":["GET"]}}],"collection":[{"href":"https:\/\/grupotextil.es\/ca\/wp-json\/wp\/v2\/product"}],"about":[{"href":"https:\/\/grupotextil.es\/ca\/wp-json\/wp\/v2\/types\/product"}],"replies":[{"embeddable":true,"href":"https:\/\/grupotextil.es\/ca\/wp-json\/wp\/v2\/comments?post=356438"}],"wp:featuredmedia":[{"embeddable":true,"href":"https:\/\/grupotextil.es\/ca\/wp-json\/wp\/v2\/media\/409103"}],"wp:attachment":[{"href":"https:\/\/grupotextil.es\/ca\/wp-json\/wp\/v2\/media?parent=356438"}],"wp:term":[{"taxonomy":"product_brand","embeddable":true,"href":"https:\/\/grupotextil.es\/ca\/wp-json\/wp\/v2\/product_brand?post=356438"},{"taxonomy":"product_cat","embeddable":true,"href":"https:\/\/grupotextil.es\/ca\/wp-json\/wp\/v2\/product_cat?post=356438"},{"taxonomy":"product_tag","embeddable":true,"href":"https:\/\/grupotextil.es\/ca\/wp-json\/wp\/v2\/product_tag?post=356438"}],"curies":[{"name":"wp","href":"https:\/\/api.w.org\/{rel}","templated":true}]}}