{"id":356691,"date":"2026-03-08T01:44:17","date_gmt":"2026-03-08T00:44:17","guid":{"rendered":"https:\/\/grupotextil.es\/producto\/classic-t-organic-fitted-women\/"},"modified":"2026-03-08T01:44:17","modified_gmt":"2026-03-08T00:44:17","slug":"classic-t-organic-fitted-women","status":"publish","type":"product","link":"https:\/\/grupotextil.es\/ca\/product\/classic-t-organic-fitted-women\/","title":{"rendered":"cl\u00e1sica-T org\u00e1nico entallada mujer"},"content":{"rendered":"<ul>\n<li>145 g\/m\u00b2<\/li>\n<li>100% algod\u00f3n org\u00e1nico ring spun (single jersey)<\/li>\n<li>Grey Heather: 85% algod\u00f3n, 15% viscosa<\/li>\n<li>Cuello redondo<\/li>\n<li>Cuello encintado<\/li>\n<li>Mangas ajustadas<\/li>\n<li>Costuras laterales<\/li>\n<li>Ajuste normal<\/li>\n<\/ul>","protected":false},"excerpt":{"rendered":"<p>145 g\/m\u00b2100% algod\u00f3n org\u00e1nico ring spun (single jersey)Grey Heather: 85% algod\u00f3n, 15% viscosaCuello redondoCuello encintadoMangas ajustadasCosturas lateralesAjuste normal<\/p>","protected":false},"featured_media":409170,"comment_status":"open","ping_status":"closed","template":"","meta":{"_acf_changed":false},"product_brand":[11658],"product_cat":[13931,13977,13986,13974,13930,13975,13973],"product_tag":[],"class_list":{"0":"post-356691","1":"product","2":"type-product","3":"status-publish","4":"has-post-thumbnail","6":"product_brand-stedman","7":"product_cat-rl-alta-visibilidad","8":"product_cat-h-camisetas-manga-corta","9":"product_cat-m-camisetas-manga-corta","10":"product_cat-ropa-hombre","11":"product_cat-laboral","12":"product_cat-ropa-mujer","13":"product_cat-ropa","14":"tm-no-options","16":"first","17":"instock","18":"taxable","19":"shipping-taxable","20":"product-type-variable"},"acf":[],"_links":{"self":[{"href":"https:\/\/grupotextil.es\/ca\/wp-json\/wp\/v2\/product\/356691","targetHints":{"allow":["GET"]}}],"collection":[{"href":"https:\/\/grupotextil.es\/ca\/wp-json\/wp\/v2\/product"}],"about":[{"href":"https:\/\/grupotextil.es\/ca\/wp-json\/wp\/v2\/types\/product"}],"replies":[{"embeddable":true,"href":"https:\/\/grupotextil.es\/ca\/wp-json\/wp\/v2\/comments?post=356691"}],"wp:featuredmedia":[{"embeddable":true,"href":"https:\/\/grupotextil.es\/ca\/wp-json\/wp\/v2\/media\/409170"}],"wp:attachment":[{"href":"https:\/\/grupotextil.es\/ca\/wp-json\/wp\/v2\/media?parent=356691"}],"wp:term":[{"taxonomy":"product_brand","embeddable":true,"href":"https:\/\/grupotextil.es\/ca\/wp-json\/wp\/v2\/product_brand?post=356691"},{"taxonomy":"product_cat","embeddable":true,"href":"https:\/\/grupotextil.es\/ca\/wp-json\/wp\/v2\/product_cat?post=356691"},{"taxonomy":"product_tag","embeddable":true,"href":"https:\/\/grupotextil.es\/ca\/wp-json\/wp\/v2\/product_tag?post=356691"}],"curies":[{"name":"wp","href":"https:\/\/api.w.org\/{rel}","templated":true}]}}