{"id":356901,"date":"2026-03-08T01:44:44","date_gmt":"2026-03-08T00:44:44","guid":{"rendered":"https:\/\/grupotextil.es\/producto\/camiseta-organica-pure-hombre\/"},"modified":"2026-03-08T01:44:44","modified_gmt":"2026-03-08T00:44:44","slug":"camiseta-organica-pure-hombre","status":"publish","type":"product","link":"https:\/\/grupotextil.es\/ca\/product\/camiseta-organica-pure-hombre\/","title":{"rendered":"Camiseta org\u00e1nico Pure hombre"},"content":{"rendered":"<ul>\n<li>160 g\/m\u00b2 (Blanco: 155 g\/m\u00b2)<\/li>\n<li>100% algod\u00f3n org\u00e1nico ring spun y peinado<\/li>\n<li>Oxford ligero: 97% algod\u00f3n, 3% viscosa<\/li>\n<li>Single Jersey<\/li>\n<li>Superficie lisa para mejores resultados de impresi\u00f3n<\/li>\n<li>Cuello estrecho con elastano<\/li>\n<li>Cuello encintado de hombro a hombro<\/li>\n<li>Sin etiqueta<\/li>\n<li>Costuras laterales<\/li>\n<li>Forma ajustada y moderna<\/li>\n<\/ul>","protected":false},"excerpt":{"rendered":"<p>160 g\/m\u00b2 (Blanco: 155 g\/m\u00b2)100% algod\u00f3n org\u00e1nico ring spun y peinadoOxford ligero: 97% algod\u00f3n, 3% viscosaSingle JerseySuperficie lisa para mejores resultados de impresi\u00f3nCuello estrecho con elastanoC<\/p>","protected":false},"featured_media":409214,"comment_status":"open","ping_status":"closed","template":"","meta":{"_acf_changed":false},"product_brand":[11670],"product_cat":[13931,13986,13977,13974,13930,13975,13973],"product_tag":[14009],"class_list":{"0":"post-356901","1":"product","2":"type-product","3":"status-publish","4":"has-post-thumbnail","6":"product_brand-russell-europe","7":"product_cat-rl-alta-visibilidad","8":"product_cat-m-camisetas-manga-corta","9":"product_cat-h-camisetas-manga-corta","10":"product_cat-ropa-hombre","11":"product_cat-laboral","12":"product_cat-ropa-mujer","13":"product_cat-ropa","14":"product_tag-top-ventas","15":"tm-no-options","17":"first","18":"instock","19":"taxable","20":"shipping-taxable","21":"product-type-variable"},"acf":[],"_links":{"self":[{"href":"https:\/\/grupotextil.es\/ca\/wp-json\/wp\/v2\/product\/356901","targetHints":{"allow":["GET"]}}],"collection":[{"href":"https:\/\/grupotextil.es\/ca\/wp-json\/wp\/v2\/product"}],"about":[{"href":"https:\/\/grupotextil.es\/ca\/wp-json\/wp\/v2\/types\/product"}],"replies":[{"embeddable":true,"href":"https:\/\/grupotextil.es\/ca\/wp-json\/wp\/v2\/comments?post=356901"}],"wp:featuredmedia":[{"embeddable":true,"href":"https:\/\/grupotextil.es\/ca\/wp-json\/wp\/v2\/media\/409214"}],"wp:attachment":[{"href":"https:\/\/grupotextil.es\/ca\/wp-json\/wp\/v2\/media?parent=356901"}],"wp:term":[{"taxonomy":"product_brand","embeddable":true,"href":"https:\/\/grupotextil.es\/ca\/wp-json\/wp\/v2\/product_brand?post=356901"},{"taxonomy":"product_cat","embeddable":true,"href":"https:\/\/grupotextil.es\/ca\/wp-json\/wp\/v2\/product_cat?post=356901"},{"taxonomy":"product_tag","embeddable":true,"href":"https:\/\/grupotextil.es\/ca\/wp-json\/wp\/v2\/product_tag?post=356901"}],"curies":[{"name":"wp","href":"https:\/\/api.w.org\/{rel}","templated":true}]}}