{"id":357042,"date":"2026-03-08T01:44:50","date_gmt":"2026-03-08T00:44:50","guid":{"rendered":"https:\/\/grupotextil.es\/producto\/camiseta-soft-mujer\/"},"modified":"2026-03-08T01:44:50","modified_gmt":"2026-03-08T00:44:50","slug":"camiseta-soft-mujer","status":"publish","type":"product","link":"https:\/\/grupotextil.es\/ca\/product\/camiseta-soft-mujer\/","title":{"rendered":"Camiseta Soft mujer"},"content":{"rendered":"<ul>\n<li>185 g\/m\u00b2<\/li>\n<li>100% algod\u00f3n peinado ring-spun<\/li>\n<li>Algod\u00f3n de fibra larga<\/li>\n<li>Algod\u00f3n pre-encogido<\/li>\n<li>Encintado de hombro a hombro<\/li>\n<li>Cuello de lycra de dos capas<\/li>\n<li>Ideal para impresi\u00f3n<\/li>\n<\/ul>","protected":false},"excerpt":{"rendered":"<p>185 g\/m\u00b2100% algod\u00f3n peinado ring-spunAlgod\u00f3n de fibra largaAlgod\u00f3n pre-encogidoEncintado de hombro a hombroCuello de lycra de dos capasIdeal para impresi\u00f3n<\/p>","protected":false},"featured_media":409232,"comment_status":"open","ping_status":"closed","template":"","meta":{"_acf_changed":false},"product_brand":[11671],"product_cat":[13931,13977,13986,13974,13930,13975,13973],"product_tag":[14010],"class_list":{"0":"post-357042","1":"product","2":"type-product","3":"status-publish","4":"has-post-thumbnail","6":"product_brand-tee-jays","7":"product_cat-rl-alta-visibilidad","8":"product_cat-h-camisetas-manga-corta","9":"product_cat-m-camisetas-manga-corta","10":"product_cat-ropa-hombre","11":"product_cat-laboral","12":"product_cat-ropa-mujer","13":"product_cat-ropa","14":"product_tag-nuevo-2026","15":"tm-no-options","17":"first","18":"instock","19":"taxable","20":"shipping-taxable","21":"product-type-variable"},"acf":[],"_links":{"self":[{"href":"https:\/\/grupotextil.es\/ca\/wp-json\/wp\/v2\/product\/357042","targetHints":{"allow":["GET"]}}],"collection":[{"href":"https:\/\/grupotextil.es\/ca\/wp-json\/wp\/v2\/product"}],"about":[{"href":"https:\/\/grupotextil.es\/ca\/wp-json\/wp\/v2\/types\/product"}],"replies":[{"embeddable":true,"href":"https:\/\/grupotextil.es\/ca\/wp-json\/wp\/v2\/comments?post=357042"}],"wp:featuredmedia":[{"embeddable":true,"href":"https:\/\/grupotextil.es\/ca\/wp-json\/wp\/v2\/media\/409232"}],"wp:attachment":[{"href":"https:\/\/grupotextil.es\/ca\/wp-json\/wp\/v2\/media?parent=357042"}],"wp:term":[{"taxonomy":"product_brand","embeddable":true,"href":"https:\/\/grupotextil.es\/ca\/wp-json\/wp\/v2\/product_brand?post=357042"},{"taxonomy":"product_cat","embeddable":true,"href":"https:\/\/grupotextil.es\/ca\/wp-json\/wp\/v2\/product_cat?post=357042"},{"taxonomy":"product_tag","embeddable":true,"href":"https:\/\/grupotextil.es\/ca\/wp-json\/wp\/v2\/product_tag?post=357042"}],"curies":[{"name":"wp","href":"https:\/\/api.w.org\/{rel}","templated":true}]}}