{"id":357085,"date":"2026-03-08T01:44:58","date_gmt":"2026-03-08T00:44:58","guid":{"rendered":"https:\/\/grupotextil.es\/producto\/gorra-vintage-relaxed-de-5-paneles\/"},"modified":"2026-03-08T01:44:58","modified_gmt":"2026-03-08T00:44:58","slug":"gorra-vintage-relaxed-de-5-paneles","status":"publish","type":"product","link":"https:\/\/grupotextil.es\/ca\/product\/gorra-vintage-relaxed-de-5-paneles\/","title":{"rendered":"Cap Vintage Relaxed de 5 Panel"},"content":{"rendered":"<ul>\n<li>100% Algod\u00f3n (Cepillado, Lavado)<\/li>\n<li>5 paneles<\/li>\n<li>Corona suave y desestructurada<\/li>\n<li>Ojales de ventilaci\u00f3n cosidos<\/li>\n<li>Pico semicurvo<\/li>\n<li>Correa del mismo tejido con hebilla efecto lat\u00f3n<\/li>\n<li>etiqueta extra\u00edble para facilitar el cambio de marca<\/li>\n<\/ul>","protected":false},"excerpt":{"rendered":"<p>100% Algod\u00f3n (Cepillado, Lavado)5 panelesCorona suave y desestructuradaOjales de ventilaci\u00f3n cosidosPico semicurvoCorrea del mismo tejido con hebilla efecto lat\u00f3netiqueta extra\u00edble para facilitar el c<\/p>","protected":false},"featured_media":409237,"comment_status":"open","ping_status":"closed","template":"","meta":{"_acf_changed":false},"product_brand":[11655],"product_cat":[13931,13977,13986,13974,13930,13975,13973],"product_tag":[],"class_list":{"0":"post-357085","1":"product","2":"type-product","3":"status-publish","4":"has-post-thumbnail","6":"product_brand-beechfield","7":"product_cat-rl-alta-visibilidad","8":"product_cat-h-camisetas-manga-corta","9":"product_cat-m-camisetas-manga-corta","10":"product_cat-ropa-hombre","11":"product_cat-laboral","12":"product_cat-ropa-mujer","13":"product_cat-ropa","14":"tm-no-options","16":"first","17":"instock","18":"taxable","19":"shipping-taxable","20":"product-type-variable"},"acf":[],"_links":{"self":[{"href":"https:\/\/grupotextil.es\/ca\/wp-json\/wp\/v2\/product\/357085","targetHints":{"allow":["GET"]}}],"collection":[{"href":"https:\/\/grupotextil.es\/ca\/wp-json\/wp\/v2\/product"}],"about":[{"href":"https:\/\/grupotextil.es\/ca\/wp-json\/wp\/v2\/types\/product"}],"replies":[{"embeddable":true,"href":"https:\/\/grupotextil.es\/ca\/wp-json\/wp\/v2\/comments?post=357085"}],"wp:featuredmedia":[{"embeddable":true,"href":"https:\/\/grupotextil.es\/ca\/wp-json\/wp\/v2\/media\/409237"}],"wp:attachment":[{"href":"https:\/\/grupotextil.es\/ca\/wp-json\/wp\/v2\/media?parent=357085"}],"wp:term":[{"taxonomy":"product_brand","embeddable":true,"href":"https:\/\/grupotextil.es\/ca\/wp-json\/wp\/v2\/product_brand?post=357085"},{"taxonomy":"product_cat","embeddable":true,"href":"https:\/\/grupotextil.es\/ca\/wp-json\/wp\/v2\/product_cat?post=357085"},{"taxonomy":"product_tag","embeddable":true,"href":"https:\/\/grupotextil.es\/ca\/wp-json\/wp\/v2\/product_tag?post=357085"}],"curies":[{"name":"wp","href":"https:\/\/api.w.org\/{rel}","templated":true}]}}