{"id":357397,"date":"2026-03-08T01:46:28","date_gmt":"2026-03-08T00:46:28","guid":{"rendered":"https:\/\/grupotextil.es\/producto\/camiseta-pure-organic-nino-a\/"},"modified":"2026-03-08T01:46:28","modified_gmt":"2026-03-08T00:46:28","slug":"camiseta-pure-organic-nino-a","status":"publish","type":"product","link":"https:\/\/grupotextil.es\/ca\/product\/camiseta-pure-organic-nino-a\/","title":{"rendered":"Camiseta Pure org\u00e1nico ni\u00f1o\/a"},"content":{"rendered":"<ul>\n<li>160 g\/m\u00b2 (Blanco: 155 g\/m\u00b2)<\/li>\n<li>100% algod\u00f3n org\u00e1nico peinado ringpsun<\/li>\n<li>Single jersey<\/li>\n<li>Superficie lisa para mejores resultados de impresi\u00f3n<\/li>\n<li>Estrecho cuello con elastano<\/li>\n<li>Cuello encintado de hombro a hombro<\/li>\n<li>Sin etiqueta<\/li>\n<li>Costuras laterales<\/li>\n<li>Ajuste actual y moderno<\/li>\n<\/ul>","protected":false},"excerpt":{"rendered":"<p>160 g\/m\u00b2 (Blanco: 155 g\/m\u00b2)100% algod\u00f3n org\u00e1nico peinado ringpsunSingle jerseySuperficie lisa para mejores resultados de impresi\u00f3nEstrecho cuello con elastanoCuello encintado de hombro a hombroSin eti<\/p>","protected":false},"featured_media":409278,"comment_status":"open","ping_status":"closed","template":"","meta":{"_acf_changed":false},"product_brand":[11670],"product_cat":[13931,13977,13986,13974,13930,13975,13973],"product_tag":[],"class_list":{"0":"post-357397","1":"product","2":"type-product","3":"status-publish","4":"has-post-thumbnail","6":"product_brand-russell-europe","7":"product_cat-rl-alta-visibilidad","8":"product_cat-h-camisetas-manga-corta","9":"product_cat-m-camisetas-manga-corta","10":"product_cat-ropa-hombre","11":"product_cat-laboral","12":"product_cat-ropa-mujer","13":"product_cat-ropa","14":"tm-no-options","16":"first","17":"instock","18":"taxable","19":"shipping-taxable","20":"product-type-variable"},"acf":[],"_links":{"self":[{"href":"https:\/\/grupotextil.es\/ca\/wp-json\/wp\/v2\/product\/357397","targetHints":{"allow":["GET"]}}],"collection":[{"href":"https:\/\/grupotextil.es\/ca\/wp-json\/wp\/v2\/product"}],"about":[{"href":"https:\/\/grupotextil.es\/ca\/wp-json\/wp\/v2\/types\/product"}],"replies":[{"embeddable":true,"href":"https:\/\/grupotextil.es\/ca\/wp-json\/wp\/v2\/comments?post=357397"}],"wp:featuredmedia":[{"embeddable":true,"href":"https:\/\/grupotextil.es\/ca\/wp-json\/wp\/v2\/media\/409278"}],"wp:attachment":[{"href":"https:\/\/grupotextil.es\/ca\/wp-json\/wp\/v2\/media?parent=357397"}],"wp:term":[{"taxonomy":"product_brand","embeddable":true,"href":"https:\/\/grupotextil.es\/ca\/wp-json\/wp\/v2\/product_brand?post=357397"},{"taxonomy":"product_cat","embeddable":true,"href":"https:\/\/grupotextil.es\/ca\/wp-json\/wp\/v2\/product_cat?post=357397"},{"taxonomy":"product_tag","embeddable":true,"href":"https:\/\/grupotextil.es\/ca\/wp-json\/wp\/v2\/product_tag?post=357397"}],"curies":[{"name":"wp","href":"https:\/\/api.w.org\/{rel}","templated":true}]}}