{"id":357792,"date":"2026-03-08T01:49:05","date_gmt":"2026-03-08T00:49:05","guid":{"rendered":"https:\/\/grupotextil.es\/producto\/gorra-organica-5-paneles\/"},"modified":"2026-03-08T01:49:05","modified_gmt":"2026-03-08T00:49:05","slug":"gorra-organica-5-paneles","status":"publish","type":"product","link":"https:\/\/grupotextil.es\/ca\/product\/gorra-organica-5-paneles\/","title":{"rendered":"Cap org\u00e1nico 5 paneles"},"content":{"rendered":"<ul>\n<li>100% algod\u00f3n (sarga org\u00e1nica)<\/li>\n<li>5 paneles<\/li>\n<li>Ojales de ventilaci\u00f3n cosidos<\/li>\n<li>Paneles frontales estructurados<\/li>\n<li>Visera precurvada<\/li>\n<li>Cierre del mismo tejido con hebilla deslizable<\/li>\n<li>Etiqueta TearAway para facilitar el cambio de marca<\/li>\n<\/ul>","protected":false},"excerpt":{"rendered":"<p>100% algod\u00f3n (sarga org\u00e1nica)5 panelesOjales de ventilaci\u00f3n cosidosPaneles frontales estructuradosVisera precurvadaCierre del mismo tejido con hebilla deslizableEtiqueta TearAway para facilitar el cam<\/p>","protected":false},"featured_media":409317,"comment_status":"open","ping_status":"closed","template":"","meta":{"_acf_changed":false},"product_brand":[11655],"product_cat":[13931,13977,13986,13974,13930,13975,13973],"product_tag":[],"class_list":{"0":"post-357792","1":"product","2":"type-product","3":"status-publish","4":"has-post-thumbnail","6":"product_brand-beechfield","7":"product_cat-rl-alta-visibilidad","8":"product_cat-h-camisetas-manga-corta","9":"product_cat-m-camisetas-manga-corta","10":"product_cat-ropa-hombre","11":"product_cat-laboral","12":"product_cat-ropa-mujer","13":"product_cat-ropa","14":"tm-no-options","16":"first","17":"instock","18":"taxable","19":"shipping-taxable","20":"product-type-variable"},"acf":[],"_links":{"self":[{"href":"https:\/\/grupotextil.es\/ca\/wp-json\/wp\/v2\/product\/357792","targetHints":{"allow":["GET"]}}],"collection":[{"href":"https:\/\/grupotextil.es\/ca\/wp-json\/wp\/v2\/product"}],"about":[{"href":"https:\/\/grupotextil.es\/ca\/wp-json\/wp\/v2\/types\/product"}],"replies":[{"embeddable":true,"href":"https:\/\/grupotextil.es\/ca\/wp-json\/wp\/v2\/comments?post=357792"}],"wp:featuredmedia":[{"embeddable":true,"href":"https:\/\/grupotextil.es\/ca\/wp-json\/wp\/v2\/media\/409317"}],"wp:attachment":[{"href":"https:\/\/grupotextil.es\/ca\/wp-json\/wp\/v2\/media?parent=357792"}],"wp:term":[{"taxonomy":"product_brand","embeddable":true,"href":"https:\/\/grupotextil.es\/ca\/wp-json\/wp\/v2\/product_brand?post=357792"},{"taxonomy":"product_cat","embeddable":true,"href":"https:\/\/grupotextil.es\/ca\/wp-json\/wp\/v2\/product_cat?post=357792"},{"taxonomy":"product_tag","embeddable":true,"href":"https:\/\/grupotextil.es\/ca\/wp-json\/wp\/v2\/product_tag?post=357792"}],"curies":[{"name":"wp","href":"https:\/\/api.w.org\/{rel}","templated":true}]}}