{"id":357999,"date":"2026-03-08T01:50:02","date_gmt":"2026-03-08T00:50:02","guid":{"rendered":"https:\/\/grupotextil.es\/producto\/camiseta-premium-manga-larga-iconic-195\/"},"modified":"2026-03-08T01:50:02","modified_gmt":"2026-03-08T00:50:02","slug":"camiseta-premium-manga-larga-iconic-195","status":"publish","type":"product","link":"https:\/\/grupotextil.es\/ca\/product\/camiseta-premium-manga-larga-iconic-195\/","title":{"rendered":"T-Shirt Premium Long Sleeve Iconic 195"},"content":{"rendered":"<ul>\n<li>195 g\/m\u00b2 White: 190 g\/m\u00b2)<\/li>\n<li>100% Algod\u00f3n, ring-spun y peinado<\/li>\n<li>Heather Grey: 97 % algod\u00f3n, 3 % poli\u00e9ster<\/li>\n<li>Suave al tacto<\/li>\n<li>Cuello redondo con costuras de doble aguja acanaladas de algod\u00f3n\/elastano<\/li>\n<li>Cinta de hombro a hombro del mismo tejido<\/li>\n<li>Lavable hasta 60\u00b0C<\/li>\n<\/ul>","protected":false},"excerpt":{"rendered":"<p>195 g\/m\u00b2 White: 190 g\/m\u00b2)100% Algod\u00f3n, ring-spun y peinadoHeather Grey: 97 % algod\u00f3n, 3 % poli\u00e9sterSuave al tactoCuello redondo con costuras de doble aguja acanaladas de algod\u00f3n\/elastanoCinta de hombr<\/p>","protected":false},"featured_media":409421,"comment_status":"open","ping_status":"closed","template":"","meta":{"_acf_changed":false},"product_brand":[11665],"product_cat":[13931,13986,13977,13974,13930,13975,13973],"product_tag":[],"class_list":{"0":"post-357999","1":"product","2":"type-product","3":"status-publish","4":"has-post-thumbnail","6":"product_brand-fruit-of-the-loom","7":"product_cat-rl-alta-visibilidad","8":"product_cat-m-camisetas-manga-corta","9":"product_cat-h-camisetas-manga-corta","10":"product_cat-ropa-hombre","11":"product_cat-laboral","12":"product_cat-ropa-mujer","13":"product_cat-ropa","14":"tm-no-options","16":"first","17":"instock","18":"taxable","19":"shipping-taxable","20":"product-type-variable"},"acf":[],"_links":{"self":[{"href":"https:\/\/grupotextil.es\/ca\/wp-json\/wp\/v2\/product\/357999","targetHints":{"allow":["GET"]}}],"collection":[{"href":"https:\/\/grupotextil.es\/ca\/wp-json\/wp\/v2\/product"}],"about":[{"href":"https:\/\/grupotextil.es\/ca\/wp-json\/wp\/v2\/types\/product"}],"replies":[{"embeddable":true,"href":"https:\/\/grupotextil.es\/ca\/wp-json\/wp\/v2\/comments?post=357999"}],"wp:featuredmedia":[{"embeddable":true,"href":"https:\/\/grupotextil.es\/ca\/wp-json\/wp\/v2\/media\/409421"}],"wp:attachment":[{"href":"https:\/\/grupotextil.es\/ca\/wp-json\/wp\/v2\/media?parent=357999"}],"wp:term":[{"taxonomy":"product_brand","embeddable":true,"href":"https:\/\/grupotextil.es\/ca\/wp-json\/wp\/v2\/product_brand?post=357999"},{"taxonomy":"product_cat","embeddable":true,"href":"https:\/\/grupotextil.es\/ca\/wp-json\/wp\/v2\/product_cat?post=357999"},{"taxonomy":"product_tag","embeddable":true,"href":"https:\/\/grupotextil.es\/ca\/wp-json\/wp\/v2\/product_tag?post=357999"}],"curies":[{"name":"wp","href":"https:\/\/api.w.org\/{rel}","templated":true}]}}