{"id":358126,"date":"2026-03-08T01:51:07","date_gmt":"2026-03-08T00:51:07","guid":{"rendered":"https:\/\/grupotextil.es\/producto\/camiseta-urbana-junior\/"},"modified":"2026-03-08T01:51:07","modified_gmt":"2026-03-08T00:51:07","slug":"camiseta-urbana-junior","status":"publish","type":"product","link":"https:\/\/grupotextil.es\/ca\/product\/camiseta-urbana-junior\/","title":{"rendered":"T-Shirt urbana junior"},"content":{"rendered":"<ul>\n<li>150 g\/m\u00b2<\/li>\n<li>100 % algod\u00f3n (org\u00e1nico), peinado y ring-spun, certificado OCS (jaspeado: 85 % algod\u00f3n (org\u00e1nico), peinado y ring-spun, certificado OCS, 15 % viscosa)<\/li>\n<li>Corte regular<\/li>\n<li>Cuello de doble capas con elastano<\/li>\n<li>Cinta de refuerzo de hombro a hombro en el mismo tejido<\/li>\n<li>Mangas montadas<\/li>\n<li>Algod\u00f3n doble preencogido<\/li>\n<li>Lavado enzim\u00e1tico<\/li>\n<li>Sin etiquetas.<\/li>\n<\/ul>","protected":false},"excerpt":{"rendered":"<p>150 g\/m\u00b2100 % algod\u00f3n (org\u00e1nico), peinado y ring-spun, certificado OCS (jaspeado: 85 % algod\u00f3n (org\u00e1nico), peinado y ring-spun, certificado OCS, 15 % viscosa)Corte regularCuello de doble capas con &#8230;<\/p>","protected":false},"featured_media":409462,"comment_status":"open","ping_status":"closed","template":"","meta":{"_acf_changed":false},"product_brand":[11671],"product_cat":[13931,13977,13986,13974,13930,13975,13973],"product_tag":[14010],"class_list":{"0":"post-358126","1":"product","2":"type-product","3":"status-publish","4":"has-post-thumbnail","6":"product_brand-tee-jays","7":"product_cat-rl-alta-visibilidad","8":"product_cat-h-camisetas-manga-corta","9":"product_cat-m-camisetas-manga-corta","10":"product_cat-ropa-hombre","11":"product_cat-laboral","12":"product_cat-ropa-mujer","13":"product_cat-ropa","14":"product_tag-nuevo-2026","15":"tm-no-options","17":"first","18":"instock","19":"taxable","20":"shipping-taxable","21":"product-type-variable"},"acf":[],"_links":{"self":[{"href":"https:\/\/grupotextil.es\/ca\/wp-json\/wp\/v2\/product\/358126","targetHints":{"allow":["GET"]}}],"collection":[{"href":"https:\/\/grupotextil.es\/ca\/wp-json\/wp\/v2\/product"}],"about":[{"href":"https:\/\/grupotextil.es\/ca\/wp-json\/wp\/v2\/types\/product"}],"replies":[{"embeddable":true,"href":"https:\/\/grupotextil.es\/ca\/wp-json\/wp\/v2\/comments?post=358126"}],"wp:featuredmedia":[{"embeddable":true,"href":"https:\/\/grupotextil.es\/ca\/wp-json\/wp\/v2\/media\/409462"}],"wp:attachment":[{"href":"https:\/\/grupotextil.es\/ca\/wp-json\/wp\/v2\/media?parent=358126"}],"wp:term":[{"taxonomy":"product_brand","embeddable":true,"href":"https:\/\/grupotextil.es\/ca\/wp-json\/wp\/v2\/product_brand?post=358126"},{"taxonomy":"product_cat","embeddable":true,"href":"https:\/\/grupotextil.es\/ca\/wp-json\/wp\/v2\/product_cat?post=358126"},{"taxonomy":"product_tag","embeddable":true,"href":"https:\/\/grupotextil.es\/ca\/wp-json\/wp\/v2\/product_tag?post=358126"}],"curies":[{"name":"wp","href":"https:\/\/api.w.org\/{rel}","templated":true}]}}