{"id":358151,"date":"2026-03-08T01:51:10","date_gmt":"2026-03-08T00:51:10","guid":{"rendered":"https:\/\/grupotextil.es\/producto\/camiseta-de-trabajo-perfect-pro\/"},"modified":"2026-03-08T01:51:10","modified_gmt":"2026-03-08T00:51:10","slug":"camiseta-de-trabajo-perfect-pro","status":"publish","type":"product","link":"https:\/\/grupotextil.es\/ca\/product\/camiseta-de-trabajo-perfect-pro\/","title":{"rendered":"T-Shirt de trabajo Perfect Pro"},"content":{"rendered":"<ul>\n<li>185 g\/m\u00b2<\/li>\n<li>100% algod\u00f3n, preencogido y ring-spun<\/li>\n<li>Cuello en canal\u00e9<\/li>\n<li>Encintado en cuello<\/li>\n<li>Canes\u00fa trasero media luna con presilla<\/li>\n<li>Costuras planas<\/li>\n<li>Tejido tubular<\/li>\n<li>Lavable a 60\u00baC<\/li>\n<li>.<\/li>\n<\/ul>","protected":false},"excerpt":{"rendered":"<p>185 g\/m\u00b2100% algod\u00f3n, preencogido y ring-spunCuello en canal\u00e9Encintado en cuelloCanes\u00fa trasero media luna con presillaCosturas planasTejido tubularLavable a 60\u00baC.<\/p>","protected":false},"featured_media":409511,"comment_status":"open","ping_status":"closed","template":"","meta":{"_acf_changed":false},"product_brand":[11653],"product_cat":[13931,13977,13986,13974,13930,13975,13973],"product_tag":[],"class_list":{"0":"post-358151","1":"product","2":"type-product","3":"status-publish","4":"has-post-thumbnail","6":"product_brand-b-c","7":"product_cat-rl-alta-visibilidad","8":"product_cat-h-camisetas-manga-corta","9":"product_cat-m-camisetas-manga-corta","10":"product_cat-ropa-hombre","11":"product_cat-laboral","12":"product_cat-ropa-mujer","13":"product_cat-ropa","14":"tm-no-options","16":"first","17":"instock","18":"taxable","19":"shipping-taxable","20":"product-type-variable"},"acf":[],"_links":{"self":[{"href":"https:\/\/grupotextil.es\/ca\/wp-json\/wp\/v2\/product\/358151","targetHints":{"allow":["GET"]}}],"collection":[{"href":"https:\/\/grupotextil.es\/ca\/wp-json\/wp\/v2\/product"}],"about":[{"href":"https:\/\/grupotextil.es\/ca\/wp-json\/wp\/v2\/types\/product"}],"replies":[{"embeddable":true,"href":"https:\/\/grupotextil.es\/ca\/wp-json\/wp\/v2\/comments?post=358151"}],"wp:featuredmedia":[{"embeddable":true,"href":"https:\/\/grupotextil.es\/ca\/wp-json\/wp\/v2\/media\/409511"}],"wp:attachment":[{"href":"https:\/\/grupotextil.es\/ca\/wp-json\/wp\/v2\/media?parent=358151"}],"wp:term":[{"taxonomy":"product_brand","embeddable":true,"href":"https:\/\/grupotextil.es\/ca\/wp-json\/wp\/v2\/product_brand?post=358151"},{"taxonomy":"product_cat","embeddable":true,"href":"https:\/\/grupotextil.es\/ca\/wp-json\/wp\/v2\/product_cat?post=358151"},{"taxonomy":"product_tag","embeddable":true,"href":"https:\/\/grupotextil.es\/ca\/wp-json\/wp\/v2\/product_tag?post=358151"}],"curies":[{"name":"wp","href":"https:\/\/api.w.org\/{rel}","templated":true}]}}