{"id":358295,"date":"2026-03-08T01:52:00","date_gmt":"2026-03-08T00:52:00","guid":{"rendered":"https:\/\/grupotextil.es\/producto\/gorra-earthaware-clas-de-algodon-organico\/"},"modified":"2026-03-08T01:52:00","modified_gmt":"2026-03-08T00:52:00","slug":"gorra-earthaware-clas-de-algodon-organico","status":"publish","type":"product","link":"https:\/\/grupotextil.es\/ca\/product\/gorra-earthaware-clas-de-algodon-organico\/","title":{"rendered":"Cap EarthAware\u00ae Clas de algod\u00f3n org\u00e1nico"},"content":{"rendered":"<ul>\n<li>100% Algod\u00f3n (sarga org\u00e1nica)<\/li>\n<li>6 paneles<\/li>\n<li>Pico precurvado<\/li>\n<li>Ojales de ventilaci\u00f3n cosidos<\/li>\n<li>Ajustador tri-glide del mismo color<\/li>\n<li>etiqueta extra\u00edble para facilitar el cambio de marca<\/li>\n<\/ul>","protected":false},"excerpt":{"rendered":"<p>100% Algod\u00f3n (sarga org\u00e1nica)6 panelesPico precurvadoOjales de ventilaci\u00f3n cosidosAjustador tri-glide del mismo coloretiqueta extra\u00edble para facilitar el cambio de marca<\/p>","protected":false},"featured_media":409571,"comment_status":"open","ping_status":"closed","template":"","meta":{"_acf_changed":false},"product_brand":[11655],"product_cat":[13931,13977,13986,13974,13930,13975,13973],"product_tag":[],"class_list":{"0":"post-358295","1":"product","2":"type-product","3":"status-publish","4":"has-post-thumbnail","6":"product_brand-beechfield","7":"product_cat-rl-alta-visibilidad","8":"product_cat-h-camisetas-manga-corta","9":"product_cat-m-camisetas-manga-corta","10":"product_cat-ropa-hombre","11":"product_cat-laboral","12":"product_cat-ropa-mujer","13":"product_cat-ropa","14":"tm-no-options","16":"first","17":"instock","18":"taxable","19":"shipping-taxable","20":"product-type-variable"},"acf":[],"_links":{"self":[{"href":"https:\/\/grupotextil.es\/ca\/wp-json\/wp\/v2\/product\/358295","targetHints":{"allow":["GET"]}}],"collection":[{"href":"https:\/\/grupotextil.es\/ca\/wp-json\/wp\/v2\/product"}],"about":[{"href":"https:\/\/grupotextil.es\/ca\/wp-json\/wp\/v2\/types\/product"}],"replies":[{"embeddable":true,"href":"https:\/\/grupotextil.es\/ca\/wp-json\/wp\/v2\/comments?post=358295"}],"wp:featuredmedia":[{"embeddable":true,"href":"https:\/\/grupotextil.es\/ca\/wp-json\/wp\/v2\/media\/409571"}],"wp:attachment":[{"href":"https:\/\/grupotextil.es\/ca\/wp-json\/wp\/v2\/media?parent=358295"}],"wp:term":[{"taxonomy":"product_brand","embeddable":true,"href":"https:\/\/grupotextil.es\/ca\/wp-json\/wp\/v2\/product_brand?post=358295"},{"taxonomy":"product_cat","embeddable":true,"href":"https:\/\/grupotextil.es\/ca\/wp-json\/wp\/v2\/product_cat?post=358295"},{"taxonomy":"product_tag","embeddable":true,"href":"https:\/\/grupotextil.es\/ca\/wp-json\/wp\/v2\/product_tag?post=358295"}],"curies":[{"name":"wp","href":"https:\/\/api.w.org\/{rel}","templated":true}]}}