{"id":358311,"date":"2026-03-08T01:52:01","date_gmt":"2026-03-08T00:52:01","guid":{"rendered":"https:\/\/grupotextil.es\/producto\/camiseta-cuello-v-valueweight-corte-femenino\/"},"modified":"2026-03-08T01:52:01","modified_gmt":"2026-03-08T00:52:01","slug":"camiseta-cuello-v-valueweight-corte-femenino","status":"publish","type":"product","link":"https:\/\/grupotextil.es\/ca\/product\/camiseta-cuello-v-valueweight-corte-femenino\/","title":{"rendered":"T-Shirt V-Neck Valueweight corte femenino"},"content":{"rendered":"<ul>\n<li>165 g\/m\u00b2 (White: 160 g\/m\u00b2)<\/li>\n<li>100% algod\u00f3n<\/li>\n<li>Heather Grey: 97% algod\u00f3n, 3% poli\u00e9ster<\/li>\n<li>Dark Heather Grey: 50% algod\u00f3n, 50% poli\u00e9ster<\/li>\n<li>Corte nuevo y cuerpo m\u00e1s largo<\/li>\n<li>Costuras laterales con forma para un corte femenino<\/li>\n<li>Cuello encintado en canal\u00e9 de algod\u00f3n\/lycra\u00ae<\/li>\n<li>Punto de medida fina para mejor impresi\u00f3n<\/li>\n<\/ul>","protected":false},"excerpt":{"rendered":"<p>165 g\/m\u00b2 (White: 160 g\/m\u00b2)100% algod\u00f3nHeather Grey: 97% algod\u00f3n, 3% poli\u00e9sterDark Heather Grey: 50% algod\u00f3n, 50% poli\u00e9sterCorte nuevo y cuerpo m\u00e1s largoCosturas laterales con forma para un corte femen<\/p>","protected":false},"featured_media":409616,"comment_status":"open","ping_status":"closed","template":"","meta":{"_acf_changed":false},"product_brand":[11665],"product_cat":[13931,13986,13977,13974,13930,13975,13973],"product_tag":[],"class_list":{"0":"post-358311","1":"product","2":"type-product","3":"status-publish","4":"has-post-thumbnail","6":"product_brand-fruit-of-the-loom","7":"product_cat-rl-alta-visibilidad","8":"product_cat-m-camisetas-manga-corta","9":"product_cat-h-camisetas-manga-corta","10":"product_cat-ropa-hombre","11":"product_cat-laboral","12":"product_cat-ropa-mujer","13":"product_cat-ropa","14":"tm-no-options","16":"first","17":"instock","18":"taxable","19":"shipping-taxable","20":"product-type-variable"},"acf":[],"_links":{"self":[{"href":"https:\/\/grupotextil.es\/ca\/wp-json\/wp\/v2\/product\/358311","targetHints":{"allow":["GET"]}}],"collection":[{"href":"https:\/\/grupotextil.es\/ca\/wp-json\/wp\/v2\/product"}],"about":[{"href":"https:\/\/grupotextil.es\/ca\/wp-json\/wp\/v2\/types\/product"}],"replies":[{"embeddable":true,"href":"https:\/\/grupotextil.es\/ca\/wp-json\/wp\/v2\/comments?post=358311"}],"wp:featuredmedia":[{"embeddable":true,"href":"https:\/\/grupotextil.es\/ca\/wp-json\/wp\/v2\/media\/409616"}],"wp:attachment":[{"href":"https:\/\/grupotextil.es\/ca\/wp-json\/wp\/v2\/media?parent=358311"}],"wp:term":[{"taxonomy":"product_brand","embeddable":true,"href":"https:\/\/grupotextil.es\/ca\/wp-json\/wp\/v2\/product_brand?post=358311"},{"taxonomy":"product_cat","embeddable":true,"href":"https:\/\/grupotextil.es\/ca\/wp-json\/wp\/v2\/product_cat?post=358311"},{"taxonomy":"product_tag","embeddable":true,"href":"https:\/\/grupotextil.es\/ca\/wp-json\/wp\/v2\/product_tag?post=358311"}],"curies":[{"name":"wp","href":"https:\/\/api.w.org\/{rel}","templated":true}]}}