{"id":358483,"date":"2026-03-08T01:52:06","date_gmt":"2026-03-08T00:52:06","guid":{"rendered":"https:\/\/grupotextil.es\/producto\/gorra-earthaware-clas-algodon-org-5-panel\/"},"modified":"2026-03-08T01:52:06","modified_gmt":"2026-03-08T00:52:06","slug":"gorra-earthaware-clas-algodon-org-5-panel","status":"publish","type":"product","link":"https:\/\/grupotextil.es\/ca\/product\/gorra-earthaware-clas-algodon-org-5-panel\/","title":{"rendered":"Cap EarthAware\u00ae Clas. Algod\u00f3n Org. 5 Panel"},"content":{"rendered":"<ul>\n<li>100% Algod\u00f3n (sarga org\u00e1nica)<\/li>\n<li>5 paneles<\/li>\n<li>Ojales de ventilaci\u00f3n cosidos<\/li>\n<li>Ajustador tri-glide del mismo color<\/li>\n<li>etiqueta extra\u00edble para facilitar el cambio de marca<\/li>\n<\/ul>","protected":false},"excerpt":{"rendered":"<p>100% Algod\u00f3n (sarga org\u00e1nica)5 panelesOjales de ventilaci\u00f3n cosidosAjustador tri-glide del mismo coloretiqueta extra\u00edble para facilitar el cambio de marca<\/p>","protected":false},"featured_media":409676,"comment_status":"open","ping_status":"closed","template":"","meta":{"_acf_changed":false},"product_brand":[11655],"product_cat":[13948,13931,13986,13977,13974,13930,13975,13973],"product_tag":[],"class_list":{"0":"post-358483","1":"product","2":"type-product","3":"status-publish","4":"has-post-thumbnail","6":"product_brand-beechfield","7":"product_cat-accesorios","8":"product_cat-rl-alta-visibilidad","9":"product_cat-m-camisetas-manga-corta","10":"product_cat-h-camisetas-manga-corta","11":"product_cat-ropa-hombre","12":"product_cat-laboral","13":"product_cat-ropa-mujer","14":"product_cat-ropa","15":"tm-no-options","17":"first","18":"instock","19":"taxable","20":"shipping-taxable","21":"product-type-variable"},"acf":[],"_links":{"self":[{"href":"https:\/\/grupotextil.es\/ca\/wp-json\/wp\/v2\/product\/358483","targetHints":{"allow":["GET"]}}],"collection":[{"href":"https:\/\/grupotextil.es\/ca\/wp-json\/wp\/v2\/product"}],"about":[{"href":"https:\/\/grupotextil.es\/ca\/wp-json\/wp\/v2\/types\/product"}],"replies":[{"embeddable":true,"href":"https:\/\/grupotextil.es\/ca\/wp-json\/wp\/v2\/comments?post=358483"}],"wp:featuredmedia":[{"embeddable":true,"href":"https:\/\/grupotextil.es\/ca\/wp-json\/wp\/v2\/media\/409676"}],"wp:attachment":[{"href":"https:\/\/grupotextil.es\/ca\/wp-json\/wp\/v2\/media?parent=358483"}],"wp:term":[{"taxonomy":"product_brand","embeddable":true,"href":"https:\/\/grupotextil.es\/ca\/wp-json\/wp\/v2\/product_brand?post=358483"},{"taxonomy":"product_cat","embeddable":true,"href":"https:\/\/grupotextil.es\/ca\/wp-json\/wp\/v2\/product_cat?post=358483"},{"taxonomy":"product_tag","embeddable":true,"href":"https:\/\/grupotextil.es\/ca\/wp-json\/wp\/v2\/product_tag?post=358483"}],"curies":[{"name":"wp","href":"https:\/\/api.w.org\/{rel}","templated":true}]}}