{"id":358623,"date":"2026-03-08T01:52:29","date_gmt":"2026-03-08T00:52:29","guid":{"rendered":"https:\/\/grupotextil.es\/producto\/camiseta-urbana-estilo-beisbol\/"},"modified":"2026-03-08T01:52:29","modified_gmt":"2026-03-08T00:52:29","slug":"camiseta-urbana-estilo-beisbol","status":"publish","type":"product","link":"https:\/\/grupotextil.es\/ca\/product\/camiseta-urbana-estilo-beisbol\/","title":{"rendered":"T-Shirt urbana estilo b\u00e9isbol"},"content":{"rendered":"<ul>\n<li>185 g\/m\u00b2<\/li>\n<li>100 % algod\u00f3n (org\u00e1nico), peinado y ring-spun, certificado OCS<\/li>\n<li>Corte entallado<\/li>\n<li>Algod\u00f3n de fibra larga<\/li>\n<li>Doble preencogido<\/li>\n<li>Cuello del mismo tejido<\/li>\n<li>Mangas ragl\u00e1n con pu\u00f1os<\/li>\n<li>Lavado enzim\u00e1tico<\/li>\n<li>Sin etiquetas.<\/li>\n<\/ul>","protected":false},"excerpt":{"rendered":"<p>185 g\/m\u00b2100 % algod\u00f3n (org\u00e1nico), peinado y ring-spun, certificado OCSCorte entalladoAlgod\u00f3n de fibra largaDoble preencogidoCuello del mismo tejidoMangas ragl\u00e1n con pu\u00f1osLavado enzim\u00e1ticoSin etique&#8230;<\/p>","protected":false},"featured_media":409745,"comment_status":"open","ping_status":"closed","template":"","meta":{"_acf_changed":false},"product_brand":[11671],"product_cat":[13948,13931,13977,13986,13974,13930,13975,13973],"product_tag":[14010],"class_list":{"0":"post-358623","1":"product","2":"type-product","3":"status-publish","4":"has-post-thumbnail","6":"product_brand-tee-jays","7":"product_cat-accesorios","8":"product_cat-rl-alta-visibilidad","9":"product_cat-h-camisetas-manga-corta","10":"product_cat-m-camisetas-manga-corta","11":"product_cat-ropa-hombre","12":"product_cat-laboral","13":"product_cat-ropa-mujer","14":"product_cat-ropa","15":"product_tag-nuevo-2026","16":"tm-no-options","18":"first","19":"instock","20":"taxable","21":"shipping-taxable","22":"product-type-variable"},"acf":[],"_links":{"self":[{"href":"https:\/\/grupotextil.es\/ca\/wp-json\/wp\/v2\/product\/358623","targetHints":{"allow":["GET"]}}],"collection":[{"href":"https:\/\/grupotextil.es\/ca\/wp-json\/wp\/v2\/product"}],"about":[{"href":"https:\/\/grupotextil.es\/ca\/wp-json\/wp\/v2\/types\/product"}],"replies":[{"embeddable":true,"href":"https:\/\/grupotextil.es\/ca\/wp-json\/wp\/v2\/comments?post=358623"}],"wp:featuredmedia":[{"embeddable":true,"href":"https:\/\/grupotextil.es\/ca\/wp-json\/wp\/v2\/media\/409745"}],"wp:attachment":[{"href":"https:\/\/grupotextil.es\/ca\/wp-json\/wp\/v2\/media?parent=358623"}],"wp:term":[{"taxonomy":"product_brand","embeddable":true,"href":"https:\/\/grupotextil.es\/ca\/wp-json\/wp\/v2\/product_brand?post=358623"},{"taxonomy":"product_cat","embeddable":true,"href":"https:\/\/grupotextil.es\/ca\/wp-json\/wp\/v2\/product_cat?post=358623"},{"taxonomy":"product_tag","embeddable":true,"href":"https:\/\/grupotextil.es\/ca\/wp-json\/wp\/v2\/product_tag?post=358623"}],"curies":[{"name":"wp","href":"https:\/\/api.w.org\/{rel}","templated":true}]}}