{"id":358673,"date":"2026-03-08T01:52:46","date_gmt":"2026-03-08T00:52:46","guid":{"rendered":"https:\/\/grupotextil.es\/producto\/gorra-trucker-retro-de-5-paneles\/"},"modified":"2026-03-08T01:52:46","modified_gmt":"2026-03-08T00:52:46","slug":"gorra-trucker-retro-de-5-paneles","status":"publish","type":"product","link":"https:\/\/grupotextil.es\/ca\/product\/gorra-trucker-retro-de-5-paneles\/","title":{"rendered":"Cap Trucker Retro de 5 Panel"},"content":{"rendered":"<ul>\n<li>90 g\/m\u00b2<\/li>\n<li>Panel frontal 100 % poli\u00e9ster<\/li>\n<li>Paneles traseros de malla 100 % poli\u00e9ster (reciclado)<\/li>\n<li>Paneles frontales con forro completo de algod\u00f3n<\/li>\n<li>Estilo con colores contrastantes<\/li>\n<li>Dise\u00f1o de 5 paneles<\/li>\n<li>Panel frontal y visera acolchados<\/li>\n<li>Ajustador de tama\u00f1o de snapback<\/li>\n<li>etiqueta extra\u00edble para facilitar el cambio de marca<\/li>\n<\/ul>","protected":false},"excerpt":{"rendered":"<p>90 g\/m\u00b2Panel frontal 100 % poli\u00e9sterPaneles traseros de malla 100 % poli\u00e9ster (reciclado)Paneles frontales con forro completo de algod\u00f3nEstilo con colores contrastantesDise\u00f1o de 5 panelesPanel frontal<\/p>","protected":false},"featured_media":409780,"comment_status":"open","ping_status":"closed","template":"","meta":{"_acf_changed":false},"product_brand":[11655],"product_cat":[13948,13931,13977,13986,13974,13930,13975,13973],"product_tag":[],"class_list":{"0":"post-358673","1":"product","2":"type-product","3":"status-publish","4":"has-post-thumbnail","6":"product_brand-beechfield","7":"product_cat-accesorios","8":"product_cat-rl-alta-visibilidad","9":"product_cat-h-camisetas-manga-corta","10":"product_cat-m-camisetas-manga-corta","11":"product_cat-ropa-hombre","12":"product_cat-laboral","13":"product_cat-ropa-mujer","14":"product_cat-ropa","15":"tm-no-options","17":"first","18":"instock","19":"taxable","20":"shipping-taxable","21":"product-type-variable"},"acf":[],"_links":{"self":[{"href":"https:\/\/grupotextil.es\/ca\/wp-json\/wp\/v2\/product\/358673","targetHints":{"allow":["GET"]}}],"collection":[{"href":"https:\/\/grupotextil.es\/ca\/wp-json\/wp\/v2\/product"}],"about":[{"href":"https:\/\/grupotextil.es\/ca\/wp-json\/wp\/v2\/types\/product"}],"replies":[{"embeddable":true,"href":"https:\/\/grupotextil.es\/ca\/wp-json\/wp\/v2\/comments?post=358673"}],"wp:featuredmedia":[{"embeddable":true,"href":"https:\/\/grupotextil.es\/ca\/wp-json\/wp\/v2\/media\/409780"}],"wp:attachment":[{"href":"https:\/\/grupotextil.es\/ca\/wp-json\/wp\/v2\/media?parent=358673"}],"wp:term":[{"taxonomy":"product_brand","embeddable":true,"href":"https:\/\/grupotextil.es\/ca\/wp-json\/wp\/v2\/product_brand?post=358673"},{"taxonomy":"product_cat","embeddable":true,"href":"https:\/\/grupotextil.es\/ca\/wp-json\/wp\/v2\/product_cat?post=358673"},{"taxonomy":"product_tag","embeddable":true,"href":"https:\/\/grupotextil.es\/ca\/wp-json\/wp\/v2\/product_tag?post=358673"}],"curies":[{"name":"wp","href":"https:\/\/api.w.org\/{rel}","templated":true}]}}