{"id":358841,"date":"2026-03-08T01:52:52","date_gmt":"2026-03-08T00:52:52","guid":{"rendered":"https:\/\/grupotextil.es\/producto\/camiseta-cuello-v-unisex-de-punto-simple\/"},"modified":"2026-03-08T01:52:52","modified_gmt":"2026-03-08T00:52:52","slug":"camiseta-cuello-v-unisex-de-punto-simple","status":"publish","type":"product","link":"https:\/\/grupotextil.es\/ca\/product\/camiseta-cuello-v-unisex-de-punto-simple\/","title":{"rendered":"T-Shirt V-Neck Unisex de punto simple"},"content":{"rendered":"<ul>\n<li>142 g\/m\u00b2<\/li>\n<li>100% algod\u00f3n ring-spun peinado<\/li>\n<li>Dark Grey Heather: 52% algod\u00f3n, ring-spun peinado, 48% poli\u00e9ster<\/li>\n<li>Encintado de hombro a hombro<\/li>\n<li>Mangas ajustadas<\/li>\n<li>Costuras laterales<\/li>\n<li>Corte ajustado.<\/li>\n<\/ul>","protected":false},"excerpt":{"rendered":"<p>142 g\/m\u00b2100% algod\u00f3n ring-spun peinadoDark Grey Heather: 52% algod\u00f3n, ring-spun peinado, 48% poli\u00e9sterEncintado de hombro a hombroMangas ajustadasCosturas lateralesCorte ajustado.<\/p>","protected":false},"featured_media":409824,"comment_status":"open","ping_status":"closed","template":"","meta":{"_acf_changed":false},"product_brand":[11667],"product_cat":[13948,13931,13977,13986,13974,13930,13975,13973],"product_tag":[],"class_list":{"0":"post-358841","1":"product","2":"type-product","3":"status-publish","4":"has-post-thumbnail","6":"product_brand-bella","7":"product_cat-accesorios","8":"product_cat-rl-alta-visibilidad","9":"product_cat-h-camisetas-manga-corta","10":"product_cat-m-camisetas-manga-corta","11":"product_cat-ropa-hombre","12":"product_cat-laboral","13":"product_cat-ropa-mujer","14":"product_cat-ropa","15":"tm-no-options","17":"first","18":"instock","19":"taxable","20":"shipping-taxable","21":"product-type-variable"},"acf":[],"_links":{"self":[{"href":"https:\/\/grupotextil.es\/ca\/wp-json\/wp\/v2\/product\/358841","targetHints":{"allow":["GET"]}}],"collection":[{"href":"https:\/\/grupotextil.es\/ca\/wp-json\/wp\/v2\/product"}],"about":[{"href":"https:\/\/grupotextil.es\/ca\/wp-json\/wp\/v2\/types\/product"}],"replies":[{"embeddable":true,"href":"https:\/\/grupotextil.es\/ca\/wp-json\/wp\/v2\/comments?post=358841"}],"wp:featuredmedia":[{"embeddable":true,"href":"https:\/\/grupotextil.es\/ca\/wp-json\/wp\/v2\/media\/409824"}],"wp:attachment":[{"href":"https:\/\/grupotextil.es\/ca\/wp-json\/wp\/v2\/media?parent=358841"}],"wp:term":[{"taxonomy":"product_brand","embeddable":true,"href":"https:\/\/grupotextil.es\/ca\/wp-json\/wp\/v2\/product_brand?post=358841"},{"taxonomy":"product_cat","embeddable":true,"href":"https:\/\/grupotextil.es\/ca\/wp-json\/wp\/v2\/product_cat?post=358841"},{"taxonomy":"product_tag","embeddable":true,"href":"https:\/\/grupotextil.es\/ca\/wp-json\/wp\/v2\/product_tag?post=358841"}],"curies":[{"name":"wp","href":"https:\/\/api.w.org\/{rel}","templated":true}]}}