{"id":359051,"date":"2026-03-08T01:53:44","date_gmt":"2026-03-08T00:53:44","guid":{"rendered":"https:\/\/grupotextil.es\/producto\/camiseta-ajustada-mujer\/"},"modified":"2026-03-08T01:53:44","modified_gmt":"2026-03-08T00:53:44","slug":"camiseta-ajustada-mujer","status":"publish","type":"product","link":"https:\/\/grupotextil.es\/ca\/product\/camiseta-ajustada-mujer\/","title":{"rendered":"Camiseta ajustada mujer"},"content":{"rendered":"<ul>\n<li>195 g\/m\u00b2<\/li>\n<li>95% algod\u00f3n peinado ring-spun, 10% elast\u00e1n<\/li>\n<li>Elast\u00e1n para una superf\u00edcie m\u00e1s tersa y una mejor estabilidad<\/li>\n<li>Lavado con encimas<\/li>\n<li>Cuello ribeteado de lycra<\/li>\n<li>Hombros reforzados<\/li>\n<li>Doble puntada<\/li>\n<\/ul>","protected":false},"excerpt":{"rendered":"<p>195 g\/m\u00b295% algod\u00f3n peinado ring-spun, 10% elast\u00e1nElast\u00e1n para una superf\u00edcie m\u00e1s tersa y una mejor estabilidadLavado con encimasCuello ribeteado de lycraHombros reforzadosDoble puntada<\/p>","protected":false},"featured_media":409894,"comment_status":"open","ping_status":"closed","template":"","meta":{"_acf_changed":false},"product_brand":[11671],"product_cat":[13948,13931,13986,13977,13974,13930,13975,13973],"product_tag":[],"class_list":{"0":"post-359051","1":"product","2":"type-product","3":"status-publish","4":"has-post-thumbnail","6":"product_brand-tee-jays","7":"product_cat-accesorios","8":"product_cat-rl-alta-visibilidad","9":"product_cat-m-camisetas-manga-corta","10":"product_cat-h-camisetas-manga-corta","11":"product_cat-ropa-hombre","12":"product_cat-laboral","13":"product_cat-ropa-mujer","14":"product_cat-ropa","15":"tm-no-options","17":"first","18":"instock","19":"taxable","20":"shipping-taxable","21":"product-type-variable"},"acf":[],"_links":{"self":[{"href":"https:\/\/grupotextil.es\/ca\/wp-json\/wp\/v2\/product\/359051","targetHints":{"allow":["GET"]}}],"collection":[{"href":"https:\/\/grupotextil.es\/ca\/wp-json\/wp\/v2\/product"}],"about":[{"href":"https:\/\/grupotextil.es\/ca\/wp-json\/wp\/v2\/types\/product"}],"replies":[{"embeddable":true,"href":"https:\/\/grupotextil.es\/ca\/wp-json\/wp\/v2\/comments?post=359051"}],"wp:featuredmedia":[{"embeddable":true,"href":"https:\/\/grupotextil.es\/ca\/wp-json\/wp\/v2\/media\/409894"}],"wp:attachment":[{"href":"https:\/\/grupotextil.es\/ca\/wp-json\/wp\/v2\/media?parent=359051"}],"wp:term":[{"taxonomy":"product_brand","embeddable":true,"href":"https:\/\/grupotextil.es\/ca\/wp-json\/wp\/v2\/product_brand?post=359051"},{"taxonomy":"product_cat","embeddable":true,"href":"https:\/\/grupotextil.es\/ca\/wp-json\/wp\/v2\/product_cat?post=359051"},{"taxonomy":"product_tag","embeddable":true,"href":"https:\/\/grupotextil.es\/ca\/wp-json\/wp\/v2\/product_tag?post=359051"}],"curies":[{"name":"wp","href":"https:\/\/api.w.org\/{rel}","templated":true}]}}