{"id":359392,"date":"2026-03-08T01:54:32","date_gmt":"2026-03-08T00:54:32","guid":{"rendered":"https:\/\/grupotextil.es\/producto\/gorra-low-profile-junior-tipo-dad-cap-6-paneles\/"},"modified":"2026-03-08T01:54:32","modified_gmt":"2026-03-08T00:54:32","slug":"gorra-low-profile-junior-tipo-dad-cap-6-paneles","status":"publish","type":"product","link":"https:\/\/grupotextil.es\/ca\/product\/gorra-low-profile-junior-tipo-dad-cap-6-paneles\/","title":{"rendered":"Cap low profile junior tipo dad cap 6 Panel"},"content":{"rendered":"<ul>\n<li>100 % algod\u00f3n (chino)<\/li>\n<li>Corona blanda y sin refuerzo<\/li>\n<li>Dise\u00f1o de 6 paneles y perfil bajo<\/li>\n<li>Visera precurvada<\/li>\n<li>Ojales de ventilaci\u00f3n cosidos<\/li>\n<li>Correa trasera de tela con hebilla deslizante<\/li>\n<li>Etiqueta extra\u00edble para facilitar el cambio de marca<\/li>\n<li>Tambi\u00e9n disponible en talla adulto B653 (066.69).<\/li>\n<\/ul>","protected":false},"excerpt":{"rendered":"<p>100 % algod\u00f3n (chino)Corona blanda y sin refuerzoDise\u00f1o de 6 paneles y perfil bajoVisera precurvadaOjales de ventilaci\u00f3n cosidosCorrea trasera de tela con hebilla deslizanteEtiqueta extra\u00edble para &#8230;<\/p>","protected":false},"featured_media":410008,"comment_status":"open","ping_status":"closed","template":"","meta":{"_acf_changed":false},"product_brand":[11655],"product_cat":[13948,13931,13977,13986,13974,13930,13975,13973],"product_tag":[14010],"class_list":{"0":"post-359392","1":"product","2":"type-product","3":"status-publish","4":"has-post-thumbnail","6":"product_brand-beechfield","7":"product_cat-accesorios","8":"product_cat-rl-alta-visibilidad","9":"product_cat-h-camisetas-manga-corta","10":"product_cat-m-camisetas-manga-corta","11":"product_cat-ropa-hombre","12":"product_cat-laboral","13":"product_cat-ropa-mujer","14":"product_cat-ropa","15":"product_tag-nuevo-2026","16":"tm-no-options","18":"first","19":"instock","20":"taxable","21":"shipping-taxable","22":"product-type-variable"},"acf":[],"_links":{"self":[{"href":"https:\/\/grupotextil.es\/ca\/wp-json\/wp\/v2\/product\/359392","targetHints":{"allow":["GET"]}}],"collection":[{"href":"https:\/\/grupotextil.es\/ca\/wp-json\/wp\/v2\/product"}],"about":[{"href":"https:\/\/grupotextil.es\/ca\/wp-json\/wp\/v2\/types\/product"}],"replies":[{"embeddable":true,"href":"https:\/\/grupotextil.es\/ca\/wp-json\/wp\/v2\/comments?post=359392"}],"wp:featuredmedia":[{"embeddable":true,"href":"https:\/\/grupotextil.es\/ca\/wp-json\/wp\/v2\/media\/410008"}],"wp:attachment":[{"href":"https:\/\/grupotextil.es\/ca\/wp-json\/wp\/v2\/media?parent=359392"}],"wp:term":[{"taxonomy":"product_brand","embeddable":true,"href":"https:\/\/grupotextil.es\/ca\/wp-json\/wp\/v2\/product_brand?post=359392"},{"taxonomy":"product_cat","embeddable":true,"href":"https:\/\/grupotextil.es\/ca\/wp-json\/wp\/v2\/product_cat?post=359392"},{"taxonomy":"product_tag","embeddable":true,"href":"https:\/\/grupotextil.es\/ca\/wp-json\/wp\/v2\/product_tag?post=359392"}],"curies":[{"name":"wp","href":"https:\/\/api.w.org\/{rel}","templated":true}]}}