{"id":359578,"date":"2026-03-08T01:55:02","date_gmt":"2026-03-08T00:55:02","guid":{"rendered":"https:\/\/grupotextil.es\/producto\/camiseta-mujer-145-gr\/"},"modified":"2026-03-08T01:55:02","modified_gmt":"2026-03-08T00:55:02","slug":"camiseta-mujer-145-gr","status":"publish","type":"product","link":"https:\/\/grupotextil.es\/ca\/product\/camiseta-mujer-145-gr\/","title":{"rendered":"Camiseta mujer 145 gr"},"content":{"rendered":"<ul>\n<li>142 g\/m\u00b2<\/li>\n<li>100% algod\u00f3n ring-spun peinado<\/li>\n<li>Athletic Heather: 90% algod\u00f3n, 10% poli\u00e9ster<\/li>\n<li>Dark Grey Heather: 52% algod\u00f3n, 48% poli\u00e9ster<\/li>\n<li>Cuello redondo<\/li>\n<li>Encintado de hombro a hombro<\/li>\n<li>Costuras laterales<\/li>\n<li>Largo<\/li>\n<\/ul>","protected":false},"excerpt":{"rendered":"<p>142 g\/m\u00b2100% algod\u00f3n ring-spun peinadoAthletic Heather: 90% algod\u00f3n, 10% poli\u00e9sterDark Grey Heather: 52% algod\u00f3n, 48% poli\u00e9sterCuello redondoEncintado de hombro a hombroCosturas lateralesLargo<\/p>","protected":false},"featured_media":410124,"comment_status":"open","ping_status":"closed","template":"","meta":{"_acf_changed":false},"product_brand":[11667],"product_cat":[13948,13931,13977,13986,13974,13930,13975,13973],"product_tag":[],"class_list":{"0":"post-359578","1":"product","2":"type-product","3":"status-publish","4":"has-post-thumbnail","6":"product_brand-bella","7":"product_cat-accesorios","8":"product_cat-rl-alta-visibilidad","9":"product_cat-h-camisetas-manga-corta","10":"product_cat-m-camisetas-manga-corta","11":"product_cat-ropa-hombre","12":"product_cat-laboral","13":"product_cat-ropa-mujer","14":"product_cat-ropa","15":"tm-no-options","17":"first","18":"instock","19":"taxable","20":"shipping-taxable","21":"product-type-variable"},"acf":[],"_links":{"self":[{"href":"https:\/\/grupotextil.es\/ca\/wp-json\/wp\/v2\/product\/359578","targetHints":{"allow":["GET"]}}],"collection":[{"href":"https:\/\/grupotextil.es\/ca\/wp-json\/wp\/v2\/product"}],"about":[{"href":"https:\/\/grupotextil.es\/ca\/wp-json\/wp\/v2\/types\/product"}],"replies":[{"embeddable":true,"href":"https:\/\/grupotextil.es\/ca\/wp-json\/wp\/v2\/comments?post=359578"}],"wp:featuredmedia":[{"embeddable":true,"href":"https:\/\/grupotextil.es\/ca\/wp-json\/wp\/v2\/media\/410124"}],"wp:attachment":[{"href":"https:\/\/grupotextil.es\/ca\/wp-json\/wp\/v2\/media?parent=359578"}],"wp:term":[{"taxonomy":"product_brand","embeddable":true,"href":"https:\/\/grupotextil.es\/ca\/wp-json\/wp\/v2\/product_brand?post=359578"},{"taxonomy":"product_cat","embeddable":true,"href":"https:\/\/grupotextil.es\/ca\/wp-json\/wp\/v2\/product_cat?post=359578"},{"taxonomy":"product_tag","embeddable":true,"href":"https:\/\/grupotextil.es\/ca\/wp-json\/wp\/v2\/product_tag?post=359578"}],"curies":[{"name":"wp","href":"https:\/\/api.w.org\/{rel}","templated":true}]}}