{"id":360491,"date":"2026-03-08T01:57:49","date_gmt":"2026-03-08T00:57:49","guid":{"rendered":"https:\/\/grupotextil.es\/producto\/basic-tee\/"},"modified":"2026-03-08T01:57:49","modified_gmt":"2026-03-08T00:57:49","slug":"basic-tee","status":"publish","type":"product","link":"https:\/\/grupotextil.es\/ca\/product\/basic-tee\/","title":{"rendered":"Basic Tee"},"content":{"rendered":"<ul>\n<li>150 g\/m\u00b2<\/li>\n<li>100% Baumwolle, ringgesponnen und gek\u00e4mmt<\/li>\n<li>Vorgeschrumpft<\/li>\n<li>2-lagiger Kragen mit Elasthan<\/li>\n<li>Schulter-zu-Schulter Nackenband<\/li>\n<li>Seitenn\u00e4hte<\/li>\n<li>Doppeln\u00e4hte<\/li>\n<li>Klassischer Schnitt<\/li>\n<li>Optimal zum Bedrucken geeignet<\/li>\n<li>Leicht umzuetikettieren.<\/li>\n<\/ul>","protected":false},"excerpt":{"rendered":"<p>150 g\/m\u00b2100% Baumwolle, ringgesponnen und gek\u00e4mmtVorgeschrumpft2-lagiger Kragen mit ElasthanSchulter-zu-Schulter NackenbandSeitenn\u00e4hteDoppeln\u00e4hteKlassischer SchnittOptimal zum Bedrucken geeignetLei&#8230;<\/p>","protected":false},"featured_media":410218,"comment_status":"open","ping_status":"closed","template":"","meta":{"_acf_changed":false},"product_brand":[11671],"product_cat":[13931,13995,13986,13977,13974,13930,13975,13976,13973],"product_tag":[],"class_list":{"0":"post-360491","1":"product","2":"type-product","3":"status-publish","4":"has-post-thumbnail","6":"product_brand-tee-jays","7":"product_cat-rl-alta-visibilidad","8":"product_cat-n-camisetas","9":"product_cat-m-camisetas-manga-corta","10":"product_cat-h-camisetas-manga-corta","11":"product_cat-ropa-hombre","12":"product_cat-laboral","13":"product_cat-ropa-mujer","14":"product_cat-ropa-nino","15":"product_cat-ropa","16":"tm-no-options","18":"first","19":"instock","20":"taxable","21":"shipping-taxable","22":"product-type-variable"},"acf":[],"_links":{"self":[{"href":"https:\/\/grupotextil.es\/ca\/wp-json\/wp\/v2\/product\/360491","targetHints":{"allow":["GET"]}}],"collection":[{"href":"https:\/\/grupotextil.es\/ca\/wp-json\/wp\/v2\/product"}],"about":[{"href":"https:\/\/grupotextil.es\/ca\/wp-json\/wp\/v2\/types\/product"}],"replies":[{"embeddable":true,"href":"https:\/\/grupotextil.es\/ca\/wp-json\/wp\/v2\/comments?post=360491"}],"wp:featuredmedia":[{"embeddable":true,"href":"https:\/\/grupotextil.es\/ca\/wp-json\/wp\/v2\/media\/410218"}],"wp:attachment":[{"href":"https:\/\/grupotextil.es\/ca\/wp-json\/wp\/v2\/media?parent=360491"}],"wp:term":[{"taxonomy":"product_brand","embeddable":true,"href":"https:\/\/grupotextil.es\/ca\/wp-json\/wp\/v2\/product_brand?post=360491"},{"taxonomy":"product_cat","embeddable":true,"href":"https:\/\/grupotextil.es\/ca\/wp-json\/wp\/v2\/product_cat?post=360491"},{"taxonomy":"product_tag","embeddable":true,"href":"https:\/\/grupotextil.es\/ca\/wp-json\/wp\/v2\/product_tag?post=360491"}],"curies":[{"name":"wp","href":"https:\/\/api.w.org\/{rel}","templated":true}]}}