{"id":360526,"date":"2026-03-08T01:57:52","date_gmt":"2026-03-08T00:57:52","guid":{"rendered":"https:\/\/grupotextil.es\/producto\/camiseta-organica-interlock-hombre\/"},"modified":"2026-03-08T01:57:52","modified_gmt":"2026-03-08T00:57:52","slug":"camiseta-organica-interlock-hombre","status":"publish","type":"product","link":"https:\/\/grupotextil.es\/ca\/product\/camiseta-organica-interlock-hombre\/","title":{"rendered":"Camiseta org\u00e1nico Interlock hombre"},"content":{"rendered":"<ul>\n<li>220 g\/m\u00b2<\/li>\n<li>100% algod\u00f3n org\u00e1nico peinado ring-spun<\/li>\n<li>Algod\u00f3n de fibra larga<\/li>\n<li>Doble compactado<\/li>\n<li>Lavado con encimas y silicona para una superf\u00edcie m\u00e1s suave y tersa<\/li>\n<li>Cuello ribeteado de lycra<\/li>\n<li>Doble puntada<\/li>\n<\/ul>","protected":false},"excerpt":{"rendered":"<p>220 g\/m\u00b2100% algod\u00f3n org\u00e1nico peinado ring-spunAlgod\u00f3n de fibra largaDoble compactadoLavado con encimas y silicona para una superf\u00edcie m\u00e1s suave y tersaCuello ribeteado de lycraDoble puntada<\/p>","protected":false},"featured_media":410299,"comment_status":"open","ping_status":"closed","template":"","meta":{"_acf_changed":false},"product_brand":[11671],"product_cat":[13931,13995,13977,13986,13974,13930,13975,13976,13973],"product_tag":[14010,14009],"class_list":{"0":"post-360526","1":"product","2":"type-product","3":"status-publish","4":"has-post-thumbnail","6":"product_brand-tee-jays","7":"product_cat-rl-alta-visibilidad","8":"product_cat-n-camisetas","9":"product_cat-h-camisetas-manga-corta","10":"product_cat-m-camisetas-manga-corta","11":"product_cat-ropa-hombre","12":"product_cat-laboral","13":"product_cat-ropa-mujer","14":"product_cat-ropa-nino","15":"product_cat-ropa","16":"product_tag-nuevo-2026","17":"product_tag-top-ventas","18":"tm-no-options","20":"first","21":"instock","22":"taxable","23":"shipping-taxable","24":"product-type-variable"},"acf":[],"_links":{"self":[{"href":"https:\/\/grupotextil.es\/ca\/wp-json\/wp\/v2\/product\/360526","targetHints":{"allow":["GET"]}}],"collection":[{"href":"https:\/\/grupotextil.es\/ca\/wp-json\/wp\/v2\/product"}],"about":[{"href":"https:\/\/grupotextil.es\/ca\/wp-json\/wp\/v2\/types\/product"}],"replies":[{"embeddable":true,"href":"https:\/\/grupotextil.es\/ca\/wp-json\/wp\/v2\/comments?post=360526"}],"wp:featuredmedia":[{"embeddable":true,"href":"https:\/\/grupotextil.es\/ca\/wp-json\/wp\/v2\/media\/410299"}],"wp:attachment":[{"href":"https:\/\/grupotextil.es\/ca\/wp-json\/wp\/v2\/media?parent=360526"}],"wp:term":[{"taxonomy":"product_brand","embeddable":true,"href":"https:\/\/grupotextil.es\/ca\/wp-json\/wp\/v2\/product_brand?post=360526"},{"taxonomy":"product_cat","embeddable":true,"href":"https:\/\/grupotextil.es\/ca\/wp-json\/wp\/v2\/product_cat?post=360526"},{"taxonomy":"product_tag","embeddable":true,"href":"https:\/\/grupotextil.es\/ca\/wp-json\/wp\/v2\/product_tag?post=360526"}],"curies":[{"name":"wp","href":"https:\/\/api.w.org\/{rel}","templated":true}]}}