{"id":360734,"date":"2026-03-08T01:58:15","date_gmt":"2026-03-08T00:58:15","guid":{"rendered":"https:\/\/grupotextil.es\/producto\/camiseta-escotada-cuello-mandarin-regular-fit\/"},"modified":"2026-03-08T01:58:15","modified_gmt":"2026-03-08T00:58:15","slug":"camiseta-escotada-cuello-mandarin-regular-fit","status":"publish","type":"product","link":"https:\/\/grupotextil.es\/ca\/product\/camiseta-escotada-cuello-mandarin-regular-fit\/","title":{"rendered":"T-Shirt escotada cuello mandar\u00edn Regular Fit"},"content":{"rendered":"<ul>\n<li>200 g\/m\u00b2<\/li>\n<li>95% algod\u00f3n ring-spun, 5% elast\u00e1n<\/li>\n<li>Escote acabado en canal\u00e9<\/li>\n<li>Cuello mandar\u00edn<\/li>\n<li>Mangas muy cortas<\/li>\n<li>Puntadas a doble aguja en las mangas y el dobladillo<\/li>\n<li>Costuras laterales<\/li>\n<\/ul>","protected":false},"excerpt":{"rendered":"<p>200 g\/m\u00b295% algod\u00f3n ring-spun, 5% elast\u00e1nEscote acabado en canal\u00e9Cuello mandar\u00ednMangas muy cortasPuntadas a doble aguja en las mangas y el dobladilloCosturas laterales<\/p>","protected":false},"featured_media":410411,"comment_status":"open","ping_status":"closed","template":"","meta":{"_acf_changed":false},"product_brand":[11672],"product_cat":[13931,13995,13977,13986,13974,13930,13975,13976,13973],"product_tag":[],"class_list":{"0":"post-360734","1":"product","2":"type-product","3":"status-publish","4":"has-post-thumbnail","6":"product_brand-kustom-kit","7":"product_cat-rl-alta-visibilidad","8":"product_cat-n-camisetas","9":"product_cat-h-camisetas-manga-corta","10":"product_cat-m-camisetas-manga-corta","11":"product_cat-ropa-hombre","12":"product_cat-laboral","13":"product_cat-ropa-mujer","14":"product_cat-ropa-nino","15":"product_cat-ropa","16":"tm-no-options","18":"first","19":"instock","20":"taxable","21":"shipping-taxable","22":"product-type-variable"},"acf":[],"_links":{"self":[{"href":"https:\/\/grupotextil.es\/ca\/wp-json\/wp\/v2\/product\/360734","targetHints":{"allow":["GET"]}}],"collection":[{"href":"https:\/\/grupotextil.es\/ca\/wp-json\/wp\/v2\/product"}],"about":[{"href":"https:\/\/grupotextil.es\/ca\/wp-json\/wp\/v2\/types\/product"}],"replies":[{"embeddable":true,"href":"https:\/\/grupotextil.es\/ca\/wp-json\/wp\/v2\/comments?post=360734"}],"wp:featuredmedia":[{"embeddable":true,"href":"https:\/\/grupotextil.es\/ca\/wp-json\/wp\/v2\/media\/410411"}],"wp:attachment":[{"href":"https:\/\/grupotextil.es\/ca\/wp-json\/wp\/v2\/media?parent=360734"}],"wp:term":[{"taxonomy":"product_brand","embeddable":true,"href":"https:\/\/grupotextil.es\/ca\/wp-json\/wp\/v2\/product_brand?post=360734"},{"taxonomy":"product_cat","embeddable":true,"href":"https:\/\/grupotextil.es\/ca\/wp-json\/wp\/v2\/product_cat?post=360734"},{"taxonomy":"product_tag","embeddable":true,"href":"https:\/\/grupotextil.es\/ca\/wp-json\/wp\/v2\/product_tag?post=360734"}],"curies":[{"name":"wp","href":"https:\/\/api.w.org\/{rel}","templated":true}]}}