{"id":360746,"date":"2026-03-08T01:58:17","date_gmt":"2026-03-08T00:58:17","guid":{"rendered":"https:\/\/grupotextil.es\/producto\/camiseta-hd-nino\/"},"modified":"2026-03-08T01:58:17","modified_gmt":"2026-03-08T00:58:17","slug":"camiseta-hd-nino","status":"publish","type":"product","link":"https:\/\/grupotextil.es\/ca\/product\/camiseta-hd-nino\/","title":{"rendered":"T-Shirt HD Kids"},"content":{"rendered":"<ul>\n<li>160 g\/m\u00b2 (White: 155 g\/m\u00b2)<\/li>\n<li>65% poli\u00e9ster, 35% algod\u00f3n ring-spun y peinado<\/li>\n<li>Puntadas a una aguja alrededor del cuello<\/li>\n<li>Cuello encintado de hombro a hombro<\/li>\n<li>Costuras laterales<\/li>\n<li>Corte entallado<\/li>\n<li>Etiqueta adhesiva extra\u00edble<\/li>\n<li>Apropiado para sublimaci\u00f3n, bordado, serigraf\u00eda e impresi\u00f3n<\/li>\n<\/ul>","protected":false},"excerpt":{"rendered":"<p>160 g\/m\u00b2 (White: 155 g\/m\u00b2)65% poli\u00e9ster, 35% algod\u00f3n ring-spun y peinadoPuntadas a una aguja alrededor del cuelloCuello encintado de hombro a hombroCosturas lateralesCorte entalladoEtiqueta adhesiva e<\/p>","protected":false},"featured_media":410440,"comment_status":"open","ping_status":"closed","template":"","meta":{"_acf_changed":false},"product_brand":[11670],"product_cat":[13931,13995,13977,13986,13974,13930,13975,13976,13973],"product_tag":[],"class_list":{"0":"post-360746","1":"product","2":"type-product","3":"status-publish","4":"has-post-thumbnail","6":"product_brand-russell-europe","7":"product_cat-rl-alta-visibilidad","8":"product_cat-n-camisetas","9":"product_cat-h-camisetas-manga-corta","10":"product_cat-m-camisetas-manga-corta","11":"product_cat-ropa-hombre","12":"product_cat-laboral","13":"product_cat-ropa-mujer","14":"product_cat-ropa-nino","15":"product_cat-ropa","16":"tm-no-options","18":"first","19":"instock","20":"taxable","21":"shipping-taxable","22":"product-type-variable"},"acf":[],"_links":{"self":[{"href":"https:\/\/grupotextil.es\/ca\/wp-json\/wp\/v2\/product\/360746","targetHints":{"allow":["GET"]}}],"collection":[{"href":"https:\/\/grupotextil.es\/ca\/wp-json\/wp\/v2\/product"}],"about":[{"href":"https:\/\/grupotextil.es\/ca\/wp-json\/wp\/v2\/types\/product"}],"replies":[{"embeddable":true,"href":"https:\/\/grupotextil.es\/ca\/wp-json\/wp\/v2\/comments?post=360746"}],"wp:featuredmedia":[{"embeddable":true,"href":"https:\/\/grupotextil.es\/ca\/wp-json\/wp\/v2\/media\/410440"}],"wp:attachment":[{"href":"https:\/\/grupotextil.es\/ca\/wp-json\/wp\/v2\/media?parent=360746"}],"wp:term":[{"taxonomy":"product_brand","embeddable":true,"href":"https:\/\/grupotextil.es\/ca\/wp-json\/wp\/v2\/product_brand?post=360746"},{"taxonomy":"product_cat","embeddable":true,"href":"https:\/\/grupotextil.es\/ca\/wp-json\/wp\/v2\/product_cat?post=360746"},{"taxonomy":"product_tag","embeddable":true,"href":"https:\/\/grupotextil.es\/ca\/wp-json\/wp\/v2\/product_tag?post=360746"}],"curies":[{"name":"wp","href":"https:\/\/api.w.org\/{rel}","templated":true}]}}