{"id":360758,"date":"2026-03-08T01:58:18","date_gmt":"2026-03-08T00:58:18","guid":{"rendered":"https:\/\/grupotextil.es\/producto\/camiseta-valueweight-nino\/"},"modified":"2026-03-08T01:58:18","modified_gmt":"2026-03-08T00:58:18","slug":"camiseta-valueweight-nino","status":"publish","type":"product","link":"https:\/\/grupotextil.es\/ca\/product\/camiseta-valueweight-nino\/","title":{"rendered":"T-Shirt Valueweight Kids"},"content":{"rendered":"<ul>\n<li>165 g\/m\u00b2 (White: 150 g\/m\u00b2)<\/li>\n<li>100% algod\u00f3n<\/li>\n<li>Heather Grey: 97% algod\u00f3n, 3% poli\u00e9ster<\/li>\n<li>otros colores Heather: 50% algod\u00f3n, 50% poli\u00e9ster<\/li>\n<li>Cuello encintado<\/li>\n<li>Doble costura en las mangas<\/li>\n<li>Doble costura en cuello y bajo<\/li>\n<li>Tejido tubular pre-encogido para mantener mejor la forma<\/li>\n<li>Corte amplio<\/li>\n<\/ul>","protected":false},"excerpt":{"rendered":"<p>165 g\/m\u00b2 (White: 150 g\/m\u00b2)100% algod\u00f3nHeather Grey: 97% algod\u00f3n, 3% poli\u00e9sterotros colores Heather: 50% algod\u00f3n, 50% poli\u00e9sterCuello encintadoDoble costura en las mangasDoble costura en cuello y bajoT<\/p>","protected":false},"featured_media":410453,"comment_status":"open","ping_status":"closed","template":"","meta":{"_acf_changed":false},"product_brand":[11665],"product_cat":[13931,13995,13977,13986,13974,13930,13975,13976,13973],"product_tag":[14009],"class_list":{"0":"post-360758","1":"product","2":"type-product","3":"status-publish","4":"has-post-thumbnail","6":"product_brand-fruit-of-the-loom","7":"product_cat-rl-alta-visibilidad","8":"product_cat-n-camisetas","9":"product_cat-h-camisetas-manga-corta","10":"product_cat-m-camisetas-manga-corta","11":"product_cat-ropa-hombre","12":"product_cat-laboral","13":"product_cat-ropa-mujer","14":"product_cat-ropa-nino","15":"product_cat-ropa","16":"product_tag-top-ventas","17":"tm-no-options","19":"first","20":"instock","21":"taxable","22":"shipping-taxable","23":"product-type-variable"},"acf":[],"_links":{"self":[{"href":"https:\/\/grupotextil.es\/ca\/wp-json\/wp\/v2\/product\/360758","targetHints":{"allow":["GET"]}}],"collection":[{"href":"https:\/\/grupotextil.es\/ca\/wp-json\/wp\/v2\/product"}],"about":[{"href":"https:\/\/grupotextil.es\/ca\/wp-json\/wp\/v2\/types\/product"}],"replies":[{"embeddable":true,"href":"https:\/\/grupotextil.es\/ca\/wp-json\/wp\/v2\/comments?post=360758"}],"wp:featuredmedia":[{"embeddable":true,"href":"https:\/\/grupotextil.es\/ca\/wp-json\/wp\/v2\/media\/410453"}],"wp:attachment":[{"href":"https:\/\/grupotextil.es\/ca\/wp-json\/wp\/v2\/media?parent=360758"}],"wp:term":[{"taxonomy":"product_brand","embeddable":true,"href":"https:\/\/grupotextil.es\/ca\/wp-json\/wp\/v2\/product_brand?post=360758"},{"taxonomy":"product_cat","embeddable":true,"href":"https:\/\/grupotextil.es\/ca\/wp-json\/wp\/v2\/product_cat?post=360758"},{"taxonomy":"product_tag","embeddable":true,"href":"https:\/\/grupotextil.es\/ca\/wp-json\/wp\/v2\/product_tag?post=360758"}],"curies":[{"name":"wp","href":"https:\/\/api.w.org\/{rel}","templated":true}]}}