{"id":361401,"date":"2026-03-08T01:59:40","date_gmt":"2026-03-08T00:59:40","guid":{"rendered":"https:\/\/grupotextil.es\/producto\/camiseta-hd-hombre\/"},"modified":"2026-03-08T01:59:40","modified_gmt":"2026-03-08T00:59:40","slug":"camiseta-hd-hombre","status":"publish","type":"product","link":"https:\/\/grupotextil.es\/ca\/product\/camiseta-hd-hombre\/","title":{"rendered":"Camiseta HD hombre"},"content":{"rendered":"<ul>\n<li>160 g\/m\u00b2 (White: 155 g\/m\u00b2)<\/li>\n<li>65% poli\u00e9ster, 35% algod\u00f3n ring-spun peinado<\/li>\n<li>Cuello en canal\u00e9<\/li>\n<li>Encintado de hombro a hombro<\/li>\n<li>Costuras laterales, entallado<\/li>\n<li>Etiqueta adhesiva extra\u00edble<\/li>\n<li>Apropiado para impresi\u00f3n tradicional y digital<\/li>\n<\/ul>","protected":false},"excerpt":{"rendered":"<p>160 g\/m\u00b2 (White: 155 g\/m\u00b2)65% poli\u00e9ster, 35% algod\u00f3n ring-spun peinadoCuello en canal\u00e9Encintado de hombro a hombroCosturas laterales, entalladoEtiqueta adhesiva extra\u00edbleApropiado para impresi\u00f3n tradi<\/p>","protected":false},"featured_media":410728,"comment_status":"open","ping_status":"closed","template":"","meta":{"_acf_changed":false},"product_brand":[11670],"product_cat":[13931,13938,13977,13986,13974,13930,13975,13973],"product_tag":[],"class_list":{"0":"post-361401","1":"product","2":"type-product","3":"status-publish","4":"has-post-thumbnail","6":"product_brand-russell-europe","7":"product_cat-rl-alta-visibilidad","8":"product_cat-camisas-corporativas","9":"product_cat-h-camisetas-manga-corta","10":"product_cat-m-camisetas-manga-corta","11":"product_cat-ropa-hombre","12":"product_cat-laboral","13":"product_cat-ropa-mujer","14":"product_cat-ropa","15":"tm-no-options","17":"first","18":"instock","19":"taxable","20":"shipping-taxable","21":"product-type-variable"},"acf":[],"_links":{"self":[{"href":"https:\/\/grupotextil.es\/ca\/wp-json\/wp\/v2\/product\/361401","targetHints":{"allow":["GET"]}}],"collection":[{"href":"https:\/\/grupotextil.es\/ca\/wp-json\/wp\/v2\/product"}],"about":[{"href":"https:\/\/grupotextil.es\/ca\/wp-json\/wp\/v2\/types\/product"}],"replies":[{"embeddable":true,"href":"https:\/\/grupotextil.es\/ca\/wp-json\/wp\/v2\/comments?post=361401"}],"wp:featuredmedia":[{"embeddable":true,"href":"https:\/\/grupotextil.es\/ca\/wp-json\/wp\/v2\/media\/410728"}],"wp:attachment":[{"href":"https:\/\/grupotextil.es\/ca\/wp-json\/wp\/v2\/media?parent=361401"}],"wp:term":[{"taxonomy":"product_brand","embeddable":true,"href":"https:\/\/grupotextil.es\/ca\/wp-json\/wp\/v2\/product_brand?post=361401"},{"taxonomy":"product_cat","embeddable":true,"href":"https:\/\/grupotextil.es\/ca\/wp-json\/wp\/v2\/product_cat?post=361401"},{"taxonomy":"product_tag","embeddable":true,"href":"https:\/\/grupotextil.es\/ca\/wp-json\/wp\/v2\/product_tag?post=361401"}],"curies":[{"name":"wp","href":"https:\/\/api.w.org\/{rel}","templated":true}]}}