{"id":361405,"date":"2026-03-08T01:59:40","date_gmt":"2026-03-08T00:59:40","guid":{"rendered":"https:\/\/grupotextil.es\/producto\/camiseta-vintage-con-logo-pequeno-impreso\/"},"modified":"2026-03-08T01:59:40","modified_gmt":"2026-03-08T00:59:40","slug":"camiseta-vintage-con-logo-pequeno-impreso","status":"publish","type":"product","link":"https:\/\/grupotextil.es\/ca\/product\/camiseta-vintage-con-logo-pequeno-impreso\/","title":{"rendered":"T-Shirt Vintage con logo peque\u00f1o impreso"},"content":{"rendered":"<ul>\n<li>150 g m\u00b2 (color Blanco 145\/ m\u00b2)<\/li>\n<li>100% algod\u00f3n peinado ringpsun<\/li>\n<li>Heather Grey: 97% algod\u00f3n, 3% poli\u00e9ster<\/li>\n<li>Logotipo peque\u00f1o de Fruit of the Loom en la parte frontal del pecho<\/li>\n<li>Tacto suave<\/li>\n<li>Cuello redondo y acanalado<\/li>\n<li>Cuello encintado<\/li>\n<li>Etiqueta del cuello trasera extra\u00edble<\/li>\n<li>Mangas montadas<\/li>\n<li>Tejido tubular<\/li>\n<li>Ajuste modern<\/li>\n<\/ul>","protected":false},"excerpt":{"rendered":"<p>150 g m\u00b2 (color Blanco 145\/ m\u00b2)100% algod\u00f3n peinado ringpsunHeather Grey: 97% algod\u00f3n, 3% poli\u00e9sterLogotipo peque\u00f1o de Fruit of the Loom en la parte frontal del pechoTacto suaveCuello redondo y acanal<\/p>","protected":false},"featured_media":410748,"comment_status":"open","ping_status":"closed","template":"","meta":{"_acf_changed":false},"product_brand":[11665],"product_cat":[13931,13938,13977,13986,13974,13930,13975,13973],"product_tag":[],"class_list":{"0":"post-361405","1":"product","2":"type-product","3":"status-publish","4":"has-post-thumbnail","6":"product_brand-fruit-of-the-loom","7":"product_cat-rl-alta-visibilidad","8":"product_cat-camisas-corporativas","9":"product_cat-h-camisetas-manga-corta","10":"product_cat-m-camisetas-manga-corta","11":"product_cat-ropa-hombre","12":"product_cat-laboral","13":"product_cat-ropa-mujer","14":"product_cat-ropa","15":"tm-no-options","17":"first","18":"instock","19":"taxable","20":"shipping-taxable","21":"product-type-variable"},"acf":[],"_links":{"self":[{"href":"https:\/\/grupotextil.es\/ca\/wp-json\/wp\/v2\/product\/361405","targetHints":{"allow":["GET"]}}],"collection":[{"href":"https:\/\/grupotextil.es\/ca\/wp-json\/wp\/v2\/product"}],"about":[{"href":"https:\/\/grupotextil.es\/ca\/wp-json\/wp\/v2\/types\/product"}],"replies":[{"embeddable":true,"href":"https:\/\/grupotextil.es\/ca\/wp-json\/wp\/v2\/comments?post=361405"}],"wp:featuredmedia":[{"embeddable":true,"href":"https:\/\/grupotextil.es\/ca\/wp-json\/wp\/v2\/media\/410748"}],"wp:attachment":[{"href":"https:\/\/grupotextil.es\/ca\/wp-json\/wp\/v2\/media?parent=361405"}],"wp:term":[{"taxonomy":"product_brand","embeddable":true,"href":"https:\/\/grupotextil.es\/ca\/wp-json\/wp\/v2\/product_brand?post=361405"},{"taxonomy":"product_cat","embeddable":true,"href":"https:\/\/grupotextil.es\/ca\/wp-json\/wp\/v2\/product_cat?post=361405"},{"taxonomy":"product_tag","embeddable":true,"href":"https:\/\/grupotextil.es\/ca\/wp-json\/wp\/v2\/product_tag?post=361405"}],"curies":[{"name":"wp","href":"https:\/\/api.w.org\/{rel}","templated":true}]}}