{"id":361513,"date":"2026-03-08T02:00:25","date_gmt":"2026-03-08T01:00:25","guid":{"rendered":"https:\/\/grupotextil.es\/producto\/gorra-accelerate\/"},"modified":"2026-03-08T02:00:25","modified_gmt":"2026-03-08T01:00:25","slug":"gorra-accelerate","status":"publish","type":"product","link":"https:\/\/grupotextil.es\/ca\/product\/gorra-accelerate\/","title":{"rendered":"Cap Accelerate"},"content":{"rendered":"<ul>\n<li>189 g\/m\u00b2<\/li>\n<li>100 % poli\u00e9ster reciclado<\/li>\n<li>Forro: 100 % poli\u00e9ster<\/li>\n<li>Perforaciones por corte l\u00e1ser en los paneles traseros con forro de color<\/li>\n<li>Banda absorbente del sudor ultrasuave, absorbe la humedad y proporciona comodidad todo el d\u00eda<\/li>\n<li>Dise\u00f1o de 5 paneles<\/li>\n<li>Paneles frontales estructurados<\/li>\n<li>Visera semicurvada<\/li>\n<li>Visera s\u00e1ndwich de color contraste<\/li>\n<li>TreadSnap para ajustar la talla<\/li>\n<li>Etiqueta extra\u00edble para facilitar el cambio de marca.<\/li>\n<\/ul>","protected":false},"excerpt":{"rendered":"<p>189 g\/m\u00b2100 % poli\u00e9ster recicladoForro: 100 % poli\u00e9sterPerforaciones por corte l\u00e1ser en los paneles traseros con forro de colorBanda absorbente del sudor ultrasuave, absorbe la humedad y proporcion&#8230;<\/p>","protected":false},"featured_media":410821,"comment_status":"open","ping_status":"closed","template":"","meta":{"_acf_changed":false},"product_brand":[11655],"product_cat":[13931,13938,13977,13986,13974,13930,13975,13973],"product_tag":[14010],"class_list":{"0":"post-361513","1":"product","2":"type-product","3":"status-publish","4":"has-post-thumbnail","6":"product_brand-beechfield","7":"product_cat-rl-alta-visibilidad","8":"product_cat-camisas-corporativas","9":"product_cat-h-camisetas-manga-corta","10":"product_cat-m-camisetas-manga-corta","11":"product_cat-ropa-hombre","12":"product_cat-laboral","13":"product_cat-ropa-mujer","14":"product_cat-ropa","15":"product_tag-nuevo-2026","16":"tm-no-options","18":"first","19":"instock","20":"taxable","21":"shipping-taxable","22":"product-type-variable"},"acf":[],"_links":{"self":[{"href":"https:\/\/grupotextil.es\/ca\/wp-json\/wp\/v2\/product\/361513","targetHints":{"allow":["GET"]}}],"collection":[{"href":"https:\/\/grupotextil.es\/ca\/wp-json\/wp\/v2\/product"}],"about":[{"href":"https:\/\/grupotextil.es\/ca\/wp-json\/wp\/v2\/types\/product"}],"replies":[{"embeddable":true,"href":"https:\/\/grupotextil.es\/ca\/wp-json\/wp\/v2\/comments?post=361513"}],"wp:featuredmedia":[{"embeddable":true,"href":"https:\/\/grupotextil.es\/ca\/wp-json\/wp\/v2\/media\/410821"}],"wp:attachment":[{"href":"https:\/\/grupotextil.es\/ca\/wp-json\/wp\/v2\/media?parent=361513"}],"wp:term":[{"taxonomy":"product_brand","embeddable":true,"href":"https:\/\/grupotextil.es\/ca\/wp-json\/wp\/v2\/product_brand?post=361513"},{"taxonomy":"product_cat","embeddable":true,"href":"https:\/\/grupotextil.es\/ca\/wp-json\/wp\/v2\/product_cat?post=361513"},{"taxonomy":"product_tag","embeddable":true,"href":"https:\/\/grupotextil.es\/ca\/wp-json\/wp\/v2\/product_tag?post=361513"}],"curies":[{"name":"wp","href":"https:\/\/api.w.org\/{rel}","templated":true}]}}