{"id":361935,"date":"2026-03-08T02:01:02","date_gmt":"2026-03-08T01:01:02","guid":{"rendered":"https:\/\/grupotextil.es\/producto\/camiseta-mujer-perfect-print-sin-etiqueta\/"},"modified":"2026-03-08T02:01:02","modified_gmt":"2026-03-08T01:01:02","slug":"camiseta-mujer-perfect-print-sin-etiqueta","status":"publish","type":"product","link":"https:\/\/grupotextil.es\/ca\/product\/camiseta-mujer-perfect-print-sin-etiqueta\/","title":{"rendered":"Camiseta mujer Perfect Print sin etiqueta"},"content":{"rendered":"<ul>\n<li>160 g\/m\u00b2<\/li>\n<li>100% algod\u00f3n,ring spun (single jersey)<\/li>\n<li>Ash: 99% algod\u00f3n, ring spun, 1% viscosa; Light Oxford: 93% algod\u00f3n, ring spun, 7% viscosa<\/li>\n<li>Cuello el\u00e1stico en canal\u00e9 de 1&#215;1<\/li>\n<li>Cinta del cuello contrastado en color Ash Grey (excepto blanco y Ash Grey donde es Light Oxford)<\/li>\n<li>Sin etiqueta<\/li>\n<li>Costura de doble aguja en mangas y dobladillo<\/li>\n<li>Costuras laterales<\/li>\n<li>Ajuste moderno<\/li>\n<li>Superficie de impresi\u00f3n adecuada para impresi\u00f3n digital<\/li>\n<li>Aprobada para todas las t\u00e9cnicas de impresi\u00f3n.<\/li>\n<\/ul>","protected":false},"excerpt":{"rendered":"<p>160 g\/m\u00b2100% algod\u00f3n,ring spun (single jersey)Ash: 99% algod\u00f3n, ring spun, 1% viscosa; Light Oxford: 93% algod\u00f3n, ring spun, 7% viscosaCuello el\u00e1stico en canal\u00e9 de 1x1Cinta del cuello contrastado e&#8230;<\/p>","protected":false},"featured_media":410908,"comment_status":"open","ping_status":"closed","template":"","meta":{"_acf_changed":false},"product_brand":[11676],"product_cat":[13931,13977,13986,13974,13930,13975,13973],"product_tag":[],"class_list":{"0":"post-361935","1":"product","2":"type-product","3":"status-publish","4":"has-post-thumbnail","6":"product_brand-sg","7":"product_cat-rl-alta-visibilidad","8":"product_cat-h-camisetas-manga-corta","9":"product_cat-m-camisetas-manga-corta","10":"product_cat-ropa-hombre","11":"product_cat-laboral","12":"product_cat-ropa-mujer","13":"product_cat-ropa","14":"tm-no-options","16":"first","17":"instock","18":"taxable","19":"shipping-taxable","20":"product-type-variable"},"acf":[],"_links":{"self":[{"href":"https:\/\/grupotextil.es\/ca\/wp-json\/wp\/v2\/product\/361935","targetHints":{"allow":["GET"]}}],"collection":[{"href":"https:\/\/grupotextil.es\/ca\/wp-json\/wp\/v2\/product"}],"about":[{"href":"https:\/\/grupotextil.es\/ca\/wp-json\/wp\/v2\/types\/product"}],"replies":[{"embeddable":true,"href":"https:\/\/grupotextil.es\/ca\/wp-json\/wp\/v2\/comments?post=361935"}],"wp:featuredmedia":[{"embeddable":true,"href":"https:\/\/grupotextil.es\/ca\/wp-json\/wp\/v2\/media\/410908"}],"wp:attachment":[{"href":"https:\/\/grupotextil.es\/ca\/wp-json\/wp\/v2\/media?parent=361935"}],"wp:term":[{"taxonomy":"product_brand","embeddable":true,"href":"https:\/\/grupotextil.es\/ca\/wp-json\/wp\/v2\/product_brand?post=361935"},{"taxonomy":"product_cat","embeddable":true,"href":"https:\/\/grupotextil.es\/ca\/wp-json\/wp\/v2\/product_cat?post=361935"},{"taxonomy":"product_tag","embeddable":true,"href":"https:\/\/grupotextil.es\/ca\/wp-json\/wp\/v2\/product_tag?post=361935"}],"curies":[{"name":"wp","href":"https:\/\/api.w.org\/{rel}","templated":true}]}}