{"id":362391,"date":"2026-03-08T02:01:38","date_gmt":"2026-03-08T01:01:38","guid":{"rendered":"https:\/\/grupotextil.es\/producto\/camiseta-deporte-reflect-reciclado-mujer\/"},"modified":"2026-03-08T02:01:38","modified_gmt":"2026-03-08T01:01:38","slug":"camiseta-deporte-reflect-reciclado-mujer","status":"publish","type":"product","link":"https:\/\/grupotextil.es\/ca\/product\/camiseta-deporte-reflect-reciclado-mujer\/","title":{"rendered":"Camiseta deporte Reflect reciclado mujer"},"content":{"rendered":"<ul>\n<li>190 g\/m\u00b2<\/li>\n<li>90% poli\u00e9ster (ACTIVE-DRY \u00b0, 50% reciclado), 10% elastano<\/li>\n<li>Tejido funcional ecol\u00f3gico<\/li>\n<li>Hecho de botellas de pl\u00e1stico recicladas (4 por camiseta)<\/li>\n<li>Tejido s\u00faper suave con aspecto c\u00e1lido<\/li>\n<li>Cinta reflectante (delantera y trasera) para una gran visibilidad<\/li>\n<li>Costuras planas en color contrastado<\/li>\n<li>Costuras laterales<\/li>\n<li>Etiqueta extra\u00edble en la costura lateral<\/li>\n<li>Corte ajustado<\/li>\n<\/ul>","protected":false},"excerpt":{"rendered":"<p>190 g\/m\u00b290% poli\u00e9ster (ACTIVE-DRY \u00b0, 50% reciclado), 10% elastanoTejido funcional ecol\u00f3gicoHecho de botellas de pl\u00e1stico recicladas (4 por camiseta)Tejido s\u00faper suave con aspecto c\u00e1lidoCinta reflectan<\/p>","protected":false},"featured_media":411076,"comment_status":"open","ping_status":"closed","template":"","meta":{"_acf_changed":false},"product_brand":[11658],"product_cat":[13931,13977,13986,13974,13930,13975,13973],"product_tag":[],"class_list":{"0":"post-362391","1":"product","2":"type-product","3":"status-publish","4":"has-post-thumbnail","6":"product_brand-stedman","7":"product_cat-rl-alta-visibilidad","8":"product_cat-h-camisetas-manga-corta","9":"product_cat-m-camisetas-manga-corta","10":"product_cat-ropa-hombre","11":"product_cat-laboral","12":"product_cat-ropa-mujer","13":"product_cat-ropa","14":"tm-no-options","16":"first","17":"instock","18":"taxable","19":"shipping-taxable","20":"product-type-variable"},"acf":[],"_links":{"self":[{"href":"https:\/\/grupotextil.es\/ca\/wp-json\/wp\/v2\/product\/362391","targetHints":{"allow":["GET"]}}],"collection":[{"href":"https:\/\/grupotextil.es\/ca\/wp-json\/wp\/v2\/product"}],"about":[{"href":"https:\/\/grupotextil.es\/ca\/wp-json\/wp\/v2\/types\/product"}],"replies":[{"embeddable":true,"href":"https:\/\/grupotextil.es\/ca\/wp-json\/wp\/v2\/comments?post=362391"}],"wp:featuredmedia":[{"embeddable":true,"href":"https:\/\/grupotextil.es\/ca\/wp-json\/wp\/v2\/media\/411076"}],"wp:attachment":[{"href":"https:\/\/grupotextil.es\/ca\/wp-json\/wp\/v2\/media?parent=362391"}],"wp:term":[{"taxonomy":"product_brand","embeddable":true,"href":"https:\/\/grupotextil.es\/ca\/wp-json\/wp\/v2\/product_brand?post=362391"},{"taxonomy":"product_cat","embeddable":true,"href":"https:\/\/grupotextil.es\/ca\/wp-json\/wp\/v2\/product_cat?post=362391"},{"taxonomy":"product_tag","embeddable":true,"href":"https:\/\/grupotextil.es\/ca\/wp-json\/wp\/v2\/product_tag?post=362391"}],"curies":[{"name":"wp","href":"https:\/\/api.w.org\/{rel}","templated":true}]}}