{"id":362418,"date":"2026-03-08T02:01:41","date_gmt":"2026-03-08T01:01:41","guid":{"rendered":"https:\/\/grupotextil.es\/producto\/camiseta-cuello-v-fluo\/"},"modified":"2026-03-08T02:01:41","modified_gmt":"2026-03-08T01:01:41","slug":"camiseta-cuello-v-fluo","status":"publish","type":"product","link":"https:\/\/grupotextil.es\/ca\/product\/camiseta-cuello-v-fluo\/","title":{"rendered":"T-Shirt V-Neck Fluo"},"content":{"rendered":"<ul>\n<li>130 g\/m\u00b2<\/li>\n<li>100% poli\u00e9ster<\/li>\n<li>Tejido de malla s\u00faper ligero<\/li>\n<li>Transpirable. Secado r\u00e1pido<\/li>\n<li>Cuello en canal\u00e9<\/li>\n<li>Corte normal.<\/li>\n<\/ul>","protected":false},"excerpt":{"rendered":"<p>130 g\/m\u00b2100% poli\u00e9sterTejido de malla s\u00faper ligeroTranspirable. Secado r\u00e1pidoCuello en canal\u00e9Corte normal.<\/p>","protected":false},"featured_media":411093,"comment_status":"open","ping_status":"closed","template":"","meta":{"_acf_changed":false},"product_brand":[11663],"product_cat":[13931,13986,13977,13974,13930,13975,13973],"product_tag":[],"class_list":{"0":"post-362418","1":"product","2":"type-product","3":"status-publish","4":"has-post-thumbnail","6":"product_brand-yoko","7":"product_cat-rl-alta-visibilidad","8":"product_cat-m-camisetas-manga-corta","9":"product_cat-h-camisetas-manga-corta","10":"product_cat-ropa-hombre","11":"product_cat-laboral","12":"product_cat-ropa-mujer","13":"product_cat-ropa","14":"tm-no-options","16":"first","17":"instock","18":"taxable","19":"shipping-taxable","20":"product-type-variable"},"acf":[],"_links":{"self":[{"href":"https:\/\/grupotextil.es\/ca\/wp-json\/wp\/v2\/product\/362418","targetHints":{"allow":["GET"]}}],"collection":[{"href":"https:\/\/grupotextil.es\/ca\/wp-json\/wp\/v2\/product"}],"about":[{"href":"https:\/\/grupotextil.es\/ca\/wp-json\/wp\/v2\/types\/product"}],"replies":[{"embeddable":true,"href":"https:\/\/grupotextil.es\/ca\/wp-json\/wp\/v2\/comments?post=362418"}],"wp:featuredmedia":[{"embeddable":true,"href":"https:\/\/grupotextil.es\/ca\/wp-json\/wp\/v2\/media\/411093"}],"wp:attachment":[{"href":"https:\/\/grupotextil.es\/ca\/wp-json\/wp\/v2\/media?parent=362418"}],"wp:term":[{"taxonomy":"product_brand","embeddable":true,"href":"https:\/\/grupotextil.es\/ca\/wp-json\/wp\/v2\/product_brand?post=362418"},{"taxonomy":"product_cat","embeddable":true,"href":"https:\/\/grupotextil.es\/ca\/wp-json\/wp\/v2\/product_cat?post=362418"},{"taxonomy":"product_tag","embeddable":true,"href":"https:\/\/grupotextil.es\/ca\/wp-json\/wp\/v2\/product_tag?post=362418"}],"curies":[{"name":"wp","href":"https:\/\/api.w.org\/{rel}","templated":true}]}}