{"id":362976,"date":"2026-03-08T02:03:35","date_gmt":"2026-03-08T01:03:35","guid":{"rendered":"https:\/\/grupotextil.es\/producto\/camiseta-soft-hombre\/"},"modified":"2026-03-08T02:03:35","modified_gmt":"2026-03-08T01:03:35","slug":"camiseta-soft-hombre","status":"publish","type":"product","link":"https:\/\/grupotextil.es\/ca\/product\/camiseta-soft-hombre\/","title":{"rendered":"Camiseta Soft hombre"},"content":{"rendered":"<ul>\n<li>185 g\/m\u00b2<\/li>\n<li>100% algod\u00f3n peinado ring-spun<\/li>\n<li>Heather Grey: 85% algod\u00f3n, 15% viscosa<\/li>\n<li>Algod\u00f3n pre-encogido<\/li>\n<li>Encintado de hombro a hombro<\/li>\n<li>Cuello de lycra de dos capas<\/li>\n<li>Ideal para impresi\u00f3n<\/li>\n<\/ul>","protected":false},"excerpt":{"rendered":"<p>185 g\/m\u00b2100% algod\u00f3n peinado ring-spunHeather Grey: 85% algod\u00f3n, 15% viscosaAlgod\u00f3n pre-encogidoEncintado de hombro a hombroCuello de lycra de dos capasIdeal para impresi\u00f3n<\/p>","protected":false},"featured_media":411159,"comment_status":"open","ping_status":"closed","template":"","meta":{"_acf_changed":false},"product_brand":[11671],"product_cat":[13931,13977,13986,13974,13930,13975,13973],"product_tag":[14010,14009],"class_list":{"0":"post-362976","1":"product","2":"type-product","3":"status-publish","4":"has-post-thumbnail","6":"product_brand-tee-jays","7":"product_cat-rl-alta-visibilidad","8":"product_cat-h-camisetas-manga-corta","9":"product_cat-m-camisetas-manga-corta","10":"product_cat-ropa-hombre","11":"product_cat-laboral","12":"product_cat-ropa-mujer","13":"product_cat-ropa","14":"product_tag-nuevo-2026","15":"product_tag-top-ventas","16":"tm-no-options","18":"first","19":"instock","20":"taxable","21":"shipping-taxable","22":"product-type-variable"},"acf":[],"_links":{"self":[{"href":"https:\/\/grupotextil.es\/ca\/wp-json\/wp\/v2\/product\/362976","targetHints":{"allow":["GET"]}}],"collection":[{"href":"https:\/\/grupotextil.es\/ca\/wp-json\/wp\/v2\/product"}],"about":[{"href":"https:\/\/grupotextil.es\/ca\/wp-json\/wp\/v2\/types\/product"}],"replies":[{"embeddable":true,"href":"https:\/\/grupotextil.es\/ca\/wp-json\/wp\/v2\/comments?post=362976"}],"wp:featuredmedia":[{"embeddable":true,"href":"https:\/\/grupotextil.es\/ca\/wp-json\/wp\/v2\/media\/411159"}],"wp:attachment":[{"href":"https:\/\/grupotextil.es\/ca\/wp-json\/wp\/v2\/media?parent=362976"}],"wp:term":[{"taxonomy":"product_brand","embeddable":true,"href":"https:\/\/grupotextil.es\/ca\/wp-json\/wp\/v2\/product_brand?post=362976"},{"taxonomy":"product_cat","embeddable":true,"href":"https:\/\/grupotextil.es\/ca\/wp-json\/wp\/v2\/product_cat?post=362976"},{"taxonomy":"product_tag","embeddable":true,"href":"https:\/\/grupotextil.es\/ca\/wp-json\/wp\/v2\/product_tag?post=362976"}],"curies":[{"name":"wp","href":"https:\/\/api.w.org\/{rel}","templated":true}]}}