{"id":363347,"date":"2026-03-08T02:05:02","date_gmt":"2026-03-08T01:05:02","guid":{"rendered":"https:\/\/grupotextil.es\/producto\/camiseta-inspire-slub-mujer\/"},"modified":"2026-03-08T02:05:02","modified_gmt":"2026-03-08T01:05:02","slug":"camiseta-inspire-slub-mujer","status":"publish","type":"product","link":"https:\/\/grupotextil.es\/ca\/product\/camiseta-inspire-slub-mujer\/","title":{"rendered":"Camiseta Inspire Slub mujer"},"content":{"rendered":"<ul>\n<li>120 g\/m\u00b2<\/li>\n<li>100% algod\u00f3n (org\u00e1nico certificado u org\u00e1nico en conversi\u00f3n)<\/li>\n<li>Single jersey, hilo flambeado con efecto mezcla de tejidos<\/li>\n<li>Cuello encintado<\/li>\n<li>Cuello fino<\/li>\n<li>Costura doble en el bajo de manga y en el dobladillo<\/li>\n<li>Costuras laterales<\/li>\n<li>Sistema B&amp;C no label, perfecto para re-etiquetar<\/li>\n<li>Muy suave y tersa, permite una personalizci\u00f3n limpia y n\u00edtida<\/li>\n<li>Apropiada para todas las t\u00e9cnicas de impresi\u00f3n para algod\u00f3n<\/li>\n<\/ul>","protected":false},"excerpt":{"rendered":"<p>120 g\/m\u00b2100% algod\u00f3n (org\u00e1nico certificado u org\u00e1nico en conversi\u00f3n)Single jersey, hilo flambeado con efecto mezcla de tejidosCuello encintadoCuello finoCostura doble en el bajo de manga y en el dobla<\/p>","protected":false},"featured_media":411237,"comment_status":"open","ping_status":"closed","template":"","meta":{"_acf_changed":false},"product_brand":[11653],"product_cat":[13931,13977,13986,13974,13930,13975,13973],"product_tag":[],"class_list":{"0":"post-363347","1":"product","2":"type-product","3":"status-publish","4":"has-post-thumbnail","6":"product_brand-b-c","7":"product_cat-rl-alta-visibilidad","8":"product_cat-h-camisetas-manga-corta","9":"product_cat-m-camisetas-manga-corta","10":"product_cat-ropa-hombre","11":"product_cat-laboral","12":"product_cat-ropa-mujer","13":"product_cat-ropa","14":"tm-no-options","16":"first","17":"instock","18":"taxable","19":"shipping-taxable","20":"product-type-variable"},"acf":[],"_links":{"self":[{"href":"https:\/\/grupotextil.es\/ca\/wp-json\/wp\/v2\/product\/363347","targetHints":{"allow":["GET"]}}],"collection":[{"href":"https:\/\/grupotextil.es\/ca\/wp-json\/wp\/v2\/product"}],"about":[{"href":"https:\/\/grupotextil.es\/ca\/wp-json\/wp\/v2\/types\/product"}],"replies":[{"embeddable":true,"href":"https:\/\/grupotextil.es\/ca\/wp-json\/wp\/v2\/comments?post=363347"}],"wp:featuredmedia":[{"embeddable":true,"href":"https:\/\/grupotextil.es\/ca\/wp-json\/wp\/v2\/media\/411237"}],"wp:attachment":[{"href":"https:\/\/grupotextil.es\/ca\/wp-json\/wp\/v2\/media?parent=363347"}],"wp:term":[{"taxonomy":"product_brand","embeddable":true,"href":"https:\/\/grupotextil.es\/ca\/wp-json\/wp\/v2\/product_brand?post=363347"},{"taxonomy":"product_cat","embeddable":true,"href":"https:\/\/grupotextil.es\/ca\/wp-json\/wp\/v2\/product_cat?post=363347"},{"taxonomy":"product_tag","embeddable":true,"href":"https:\/\/grupotextil.es\/ca\/wp-json\/wp\/v2\/product_tag?post=363347"}],"curies":[{"name":"wp","href":"https:\/\/api.w.org\/{rel}","templated":true}]}}