{"id":363550,"date":"2026-03-08T02:05:11","date_gmt":"2026-03-08T01:05:11","guid":{"rendered":"https:\/\/grupotextil.es\/producto\/camiseta-nino-exact-190-kids-t-shirt\/"},"modified":"2026-03-08T02:05:11","modified_gmt":"2026-03-08T01:05:11","slug":"camiseta-nino-exact-190-kids-t-shirt","status":"publish","type":"product","link":"https:\/\/grupotextil.es\/ca\/product\/camiseta-nino-exact-190-kids-t-shirt\/","title":{"rendered":"T-Shirt Kids Exact 190Kids T-Shirt"},"content":{"rendered":"<ul>\n<li>185 g\/m\u00b2<\/li>\n<li>100% algod\u00f3n preencogido ring-spun<\/li>\n<li>Ash: 99% algod\u00f3n, 1% viscosa<\/li>\n<li>Cuello doble en canal\u00e9 1&#215;1 con elast\u00e1n<\/li>\n<li>Encintado en cuello<\/li>\n<li>Tejido tubular<\/li>\n<li>Al comprar este producto de B&amp;C, usted est\u00e1 apoyando la producci\u00f3n m\u00e1s responsable de algod\u00f3n a trav\u00e9s de Better Cotton Initiative.<\/li>\n<li>B&amp;C, AHORA obtiene fibras 100% m\u00e1s sostenibles para todos los productos a base de algod\u00f3n.<\/li>\n<\/ul>","protected":false},"excerpt":{"rendered":"<p>185 g\/m\u00b2100% algod\u00f3n preencogido ring-spunAsh: 99% algod\u00f3n, 1% viscosaCuello doble en canal\u00e9 1&#215;1 con elast\u00e1nEncintado en cuelloTejido tubularAl comprar este producto de B&#038;C, usted est\u00e1 apoyando la &#8230;<\/p>","protected":false},"featured_media":411287,"comment_status":"open","ping_status":"closed","template":"","meta":{"_acf_changed":false},"product_brand":[11653],"product_cat":[13931,13977,13986,13974,13930,13975,13973],"product_tag":[14009],"class_list":{"0":"post-363550","1":"product","2":"type-product","3":"status-publish","4":"has-post-thumbnail","6":"product_brand-b-c","7":"product_cat-rl-alta-visibilidad","8":"product_cat-h-camisetas-manga-corta","9":"product_cat-m-camisetas-manga-corta","10":"product_cat-ropa-hombre","11":"product_cat-laboral","12":"product_cat-ropa-mujer","13":"product_cat-ropa","14":"product_tag-top-ventas","15":"tm-no-options","17":"first","18":"instock","19":"taxable","20":"shipping-taxable","21":"product-type-variable"},"acf":[],"_links":{"self":[{"href":"https:\/\/grupotextil.es\/ca\/wp-json\/wp\/v2\/product\/363550","targetHints":{"allow":["GET"]}}],"collection":[{"href":"https:\/\/grupotextil.es\/ca\/wp-json\/wp\/v2\/product"}],"about":[{"href":"https:\/\/grupotextil.es\/ca\/wp-json\/wp\/v2\/types\/product"}],"replies":[{"embeddable":true,"href":"https:\/\/grupotextil.es\/ca\/wp-json\/wp\/v2\/comments?post=363550"}],"wp:featuredmedia":[{"embeddable":true,"href":"https:\/\/grupotextil.es\/ca\/wp-json\/wp\/v2\/media\/411287"}],"wp:attachment":[{"href":"https:\/\/grupotextil.es\/ca\/wp-json\/wp\/v2\/media?parent=363550"}],"wp:term":[{"taxonomy":"product_brand","embeddable":true,"href":"https:\/\/grupotextil.es\/ca\/wp-json\/wp\/v2\/product_brand?post=363550"},{"taxonomy":"product_cat","embeddable":true,"href":"https:\/\/grupotextil.es\/ca\/wp-json\/wp\/v2\/product_cat?post=363550"},{"taxonomy":"product_tag","embeddable":true,"href":"https:\/\/grupotextil.es\/ca\/wp-json\/wp\/v2\/product_tag?post=363550"}],"curies":[{"name":"wp","href":"https:\/\/api.w.org\/{rel}","templated":true}]}}