{"id":363626,"date":"2026-03-08T02:05:13","date_gmt":"2026-03-08T01:05:13","guid":{"rendered":"https:\/\/grupotextil.es\/producto\/camiseta-inspire-mujer\/"},"modified":"2026-03-08T02:05:13","modified_gmt":"2026-03-08T01:05:13","slug":"camiseta-inspire-mujer","status":"publish","type":"product","link":"https:\/\/grupotextil.es\/ca\/product\/camiseta-inspire-mujer\/","title":{"rendered":"Camiseta Inspire mujer"},"content":{"rendered":"<ul>\n<li>140 g\/m\u00b2<\/li>\n<li>100% algod\u00f3n (peinado ring-spun, org\u00e1nico certificado u org\u00e1nico en conversi\u00f3n)<\/li>\n<li>Sport Grey: 90% algod\u00f3n (org\u00e1nico certificado u org\u00e1nico en conversi\u00f3n) 10% viscosa<\/li>\n<li>Single Jersey<\/li>\n<li>Cuello fino<\/li>\n<li>Cuello encintado<\/li>\n<li>Costura doble en el bajo de manga y en el dobladillo<\/li>\n<li>Costuras laterales<\/li>\n<li>Sistema B&amp;C no label, perfecto para re-etiquetar<\/li>\n<li>Muy suave y tersa permite una personalizci\u00f3n limpia y nitida<\/li>\n<li>Apropiada para todas las t\u00e9cnicas de impresi\u00f3n para algod\u00f3n<\/li>\n<\/ul>","protected":false},"excerpt":{"rendered":"<p>140 g\/m\u00b2100% algod\u00f3n (peinado ring-spun, org\u00e1nico certificado u org\u00e1nico en conversi\u00f3n)Sport Grey: 90% algod\u00f3n (org\u00e1nico certificado u org\u00e1nico en conversi\u00f3n) 10% viscosaSingle JerseyCuello finoCuello<\/p>","protected":false},"featured_media":411290,"comment_status":"open","ping_status":"closed","template":"","meta":{"_acf_changed":false},"product_brand":[11653],"product_cat":[13931,13986,13977,13974,13930,13975,13973],"product_tag":[],"class_list":{"0":"post-363626","1":"product","2":"type-product","3":"status-publish","4":"has-post-thumbnail","6":"product_brand-b-c","7":"product_cat-rl-alta-visibilidad","8":"product_cat-m-camisetas-manga-corta","9":"product_cat-h-camisetas-manga-corta","10":"product_cat-ropa-hombre","11":"product_cat-laboral","12":"product_cat-ropa-mujer","13":"product_cat-ropa","14":"tm-no-options","16":"first","17":"instock","18":"taxable","19":"shipping-taxable","20":"product-type-variable"},"acf":[],"_links":{"self":[{"href":"https:\/\/grupotextil.es\/ca\/wp-json\/wp\/v2\/product\/363626","targetHints":{"allow":["GET"]}}],"collection":[{"href":"https:\/\/grupotextil.es\/ca\/wp-json\/wp\/v2\/product"}],"about":[{"href":"https:\/\/grupotextil.es\/ca\/wp-json\/wp\/v2\/types\/product"}],"replies":[{"embeddable":true,"href":"https:\/\/grupotextil.es\/ca\/wp-json\/wp\/v2\/comments?post=363626"}],"wp:featuredmedia":[{"embeddable":true,"href":"https:\/\/grupotextil.es\/ca\/wp-json\/wp\/v2\/media\/411290"}],"wp:attachment":[{"href":"https:\/\/grupotextil.es\/ca\/wp-json\/wp\/v2\/media?parent=363626"}],"wp:term":[{"taxonomy":"product_brand","embeddable":true,"href":"https:\/\/grupotextil.es\/ca\/wp-json\/wp\/v2\/product_brand?post=363626"},{"taxonomy":"product_cat","embeddable":true,"href":"https:\/\/grupotextil.es\/ca\/wp-json\/wp\/v2\/product_cat?post=363626"},{"taxonomy":"product_tag","embeddable":true,"href":"https:\/\/grupotextil.es\/ca\/wp-json\/wp\/v2\/product_tag?post=363626"}],"curies":[{"name":"wp","href":"https:\/\/api.w.org\/{rel}","templated":true}]}}