{"id":363723,"date":"2026-03-08T02:05:16","date_gmt":"2026-03-08T01:05:16","guid":{"rendered":"https:\/\/grupotextil.es\/producto\/camiseta-manga-larga-unisex\/"},"modified":"2026-03-08T02:05:16","modified_gmt":"2026-03-08T01:05:16","slug":"camiseta-manga-larga-unisex","status":"publish","type":"product","link":"https:\/\/grupotextil.es\/ca\/product\/camiseta-manga-larga-unisex\/","title":{"rendered":"T-Shirt Long Sleeve Unisex"},"content":{"rendered":"<ul>\n<li>145 g m\u00b2<\/li>\n<li>100% algod\u00f3n peinado y hilado en anillo<\/li>\n<li>Dark Grey Heather: 52% algod\u00f3n, 48% poli\u00e9ster<\/li>\n<li>Pre-encogido<\/li>\n<li>Cuello y pu\u00f1os en canal\u00e9<\/li>\n<li>Costuras laterales<\/li>\n<li>Etiqueta extra\u00edble<\/li>\n<li>Unisex<\/li>\n<li>Corte moderno<\/li>\n<\/ul>","protected":false},"excerpt":{"rendered":"<p>145 g m\u00b2100% algod\u00f3n peinado y hilado en anilloDark Grey Heather: 52% algod\u00f3n, 48% poli\u00e9sterPre-encogidoCuello y pu\u00f1os en canal\u00e9Costuras lateralesEtiqueta extra\u00edbleUnisexCorte moderno<\/p>","protected":false},"featured_media":411299,"comment_status":"open","ping_status":"closed","template":"","meta":{"_acf_changed":false},"product_brand":[11667],"product_cat":[13977,13986,13981,13990,13974,13932,13930,13975,13935,13973],"product_tag":[],"class_list":{"0":"post-363723","1":"product","2":"type-product","3":"status-publish","4":"has-post-thumbnail","6":"product_brand-bella","7":"product_cat-h-camisetas-manga-corta","8":"product_cat-m-camisetas-manga-corta","9":"product_cat-h-chaquetas-y-abrigos","10":"product_cat-m-chaquetas-y-abrigos","11":"product_cat-ropa-hombre","12":"product_cat-hosteleria-horeca","13":"product_cat-laboral","14":"product_cat-ropa-mujer","15":"product_cat-pantalones-cocina","16":"product_cat-ropa","17":"tm-no-options","19":"first","20":"instock","21":"taxable","22":"shipping-taxable","23":"product-type-variable"},"acf":[],"_links":{"self":[{"href":"https:\/\/grupotextil.es\/ca\/wp-json\/wp\/v2\/product\/363723","targetHints":{"allow":["GET"]}}],"collection":[{"href":"https:\/\/grupotextil.es\/ca\/wp-json\/wp\/v2\/product"}],"about":[{"href":"https:\/\/grupotextil.es\/ca\/wp-json\/wp\/v2\/types\/product"}],"replies":[{"embeddable":true,"href":"https:\/\/grupotextil.es\/ca\/wp-json\/wp\/v2\/comments?post=363723"}],"wp:featuredmedia":[{"embeddable":true,"href":"https:\/\/grupotextil.es\/ca\/wp-json\/wp\/v2\/media\/411299"}],"wp:attachment":[{"href":"https:\/\/grupotextil.es\/ca\/wp-json\/wp\/v2\/media?parent=363723"}],"wp:term":[{"taxonomy":"product_brand","embeddable":true,"href":"https:\/\/grupotextil.es\/ca\/wp-json\/wp\/v2\/product_brand?post=363723"},{"taxonomy":"product_cat","embeddable":true,"href":"https:\/\/grupotextil.es\/ca\/wp-json\/wp\/v2\/product_cat?post=363723"},{"taxonomy":"product_tag","embeddable":true,"href":"https:\/\/grupotextil.es\/ca\/wp-json\/wp\/v2\/product_tag?post=363723"}],"curies":[{"name":"wp","href":"https:\/\/api.w.org\/{rel}","templated":true}]}}