{"id":363869,"date":"2026-03-08T02:05:59","date_gmt":"2026-03-08T01:05:59","guid":{"rendered":"https:\/\/grupotextil.es\/producto\/camiseta-unisex-heather-cvc\/"},"modified":"2026-03-08T02:05:59","modified_gmt":"2026-03-08T01:05:59","slug":"camiseta-unisex-heather-cvc","status":"publish","type":"product","link":"https:\/\/grupotextil.es\/ca\/product\/camiseta-unisex-heather-cvc\/","title":{"rendered":"T-Shirt Unisex heather CVC"},"content":{"rendered":"<ul>\n<li>142 g\/m\u00b2<\/li>\n<li>52% algod\u00f3n, 48% poli\u00e9ster<\/li>\n<li>Black Heather, Athletic Heather: 90% algod\u00f3n, 10% poli\u00e9ster<\/li>\n<li>Heather Prism colors: 99% algod\u00f3n, 1% poli\u00e9ster<\/li>\n<li>Heather Prism Blue: 90% algod\u00f3n, 10% poli\u00e9ster<\/li>\n<li>Encintado de hombro a hombro<\/li>\n<li>Mangas ajustadas<\/li>\n<li>Costuras laterales<\/li>\n<li>Entallada<\/li>\n<\/ul>","protected":false},"excerpt":{"rendered":"<p>142 g\/m\u00b252% algod\u00f3n, 48% poli\u00e9sterBlack Heather, Athletic Heather: 90% algod\u00f3n, 10% poli\u00e9sterHeather Prism colors: 99% algod\u00f3n, 1% poli\u00e9sterHeather Prism Blue: 90% algod\u00f3n, 10% poli\u00e9sterEncintado de h<\/p>","protected":false},"featured_media":411311,"comment_status":"open","ping_status":"closed","template":"","meta":{"_acf_changed":false},"product_brand":[11667],"product_cat":[13986,13977,13981,13990,13974,13932,13930,13975,13935,13973],"product_tag":[14009],"class_list":{"0":"post-363869","1":"product","2":"type-product","3":"status-publish","4":"has-post-thumbnail","6":"product_brand-bella","7":"product_cat-m-camisetas-manga-corta","8":"product_cat-h-camisetas-manga-corta","9":"product_cat-h-chaquetas-y-abrigos","10":"product_cat-m-chaquetas-y-abrigos","11":"product_cat-ropa-hombre","12":"product_cat-hosteleria-horeca","13":"product_cat-laboral","14":"product_cat-ropa-mujer","15":"product_cat-pantalones-cocina","16":"product_cat-ropa","17":"product_tag-top-ventas","18":"tm-no-options","20":"first","21":"instock","22":"taxable","23":"shipping-taxable","24":"product-type-variable"},"acf":[],"_links":{"self":[{"href":"https:\/\/grupotextil.es\/ca\/wp-json\/wp\/v2\/product\/363869","targetHints":{"allow":["GET"]}}],"collection":[{"href":"https:\/\/grupotextil.es\/ca\/wp-json\/wp\/v2\/product"}],"about":[{"href":"https:\/\/grupotextil.es\/ca\/wp-json\/wp\/v2\/types\/product"}],"replies":[{"embeddable":true,"href":"https:\/\/grupotextil.es\/ca\/wp-json\/wp\/v2\/comments?post=363869"}],"wp:featuredmedia":[{"embeddable":true,"href":"https:\/\/grupotextil.es\/ca\/wp-json\/wp\/v2\/media\/411311"}],"wp:attachment":[{"href":"https:\/\/grupotextil.es\/ca\/wp-json\/wp\/v2\/media?parent=363869"}],"wp:term":[{"taxonomy":"product_brand","embeddable":true,"href":"https:\/\/grupotextil.es\/ca\/wp-json\/wp\/v2\/product_brand?post=363869"},{"taxonomy":"product_cat","embeddable":true,"href":"https:\/\/grupotextil.es\/ca\/wp-json\/wp\/v2\/product_cat?post=363869"},{"taxonomy":"product_tag","embeddable":true,"href":"https:\/\/grupotextil.es\/ca\/wp-json\/wp\/v2\/product_tag?post=363869"}],"curies":[{"name":"wp","href":"https:\/\/api.w.org\/{rel}","templated":true}]}}