{"id":364088,"date":"2026-03-08T02:06:43","date_gmt":"2026-03-08T01:06:43","guid":{"rendered":"https:\/\/grupotextil.es\/producto\/camiseta-heavy-nino\/"},"modified":"2026-03-08T02:06:43","modified_gmt":"2026-03-08T01:06:43","slug":"camiseta-heavy-nino","status":"publish","type":"product","link":"https:\/\/grupotextil.es\/ca\/product\/camiseta-heavy-nino\/","title":{"rendered":"T-Shirt Heavy Kids"},"content":{"rendered":"<ul>\n<li>180 g\/m\u00b2 (White: 170 g\/m\u00b2)<\/li>\n<li>100% algod\u00f3n jersey<\/li>\n<li>Ash: 99% algod\u00f3n, 1% poli\u00e9ster<\/li>\n<li>Graphite Heather: 50% algod\u00f3n, 50% poli\u00e9ster<\/li>\n<li>Sport Grey: 90% algod\u00f3n, 10% poli\u00e9ster<\/li>\n<li>Hilo Open end<\/li>\n<li>Encintado de hombro a hombro<\/li>\n<li>Doble costura en mangas y cintura<\/li>\n<li>Etiqueta extra\u00edble<\/li>\n<li>Ajuste cl\u00e1sico<\/li>\n<\/ul>","protected":false},"excerpt":{"rendered":"<p>180 g\/m\u00b2 (White: 170 g\/m\u00b2)100% algod\u00f3n jerseyAsh: 99% algod\u00f3n, 1% poli\u00e9sterGraphite Heather: 50% algod\u00f3n, 50% poli\u00e9sterSport Grey: 90% algod\u00f3n, 10% poli\u00e9sterHilo Open endEncintado de hombro a hombroDo<\/p>","protected":false},"featured_media":411317,"comment_status":"open","ping_status":"closed","template":"","meta":{"_acf_changed":false},"product_brand":[11666],"product_cat":[13977,13986,13990,13981,13974,13932,13930,13975,13935,13973],"product_tag":[],"class_list":{"0":"post-364088","1":"product","2":"type-product","3":"status-publish","4":"has-post-thumbnail","6":"product_brand-gildan","7":"product_cat-h-camisetas-manga-corta","8":"product_cat-m-camisetas-manga-corta","9":"product_cat-m-chaquetas-y-abrigos","10":"product_cat-h-chaquetas-y-abrigos","11":"product_cat-ropa-hombre","12":"product_cat-hosteleria-horeca","13":"product_cat-laboral","14":"product_cat-ropa-mujer","15":"product_cat-pantalones-cocina","16":"product_cat-ropa","17":"tm-no-options","19":"first","20":"instock","21":"taxable","22":"shipping-taxable","23":"product-type-variable"},"acf":[],"_links":{"self":[{"href":"https:\/\/grupotextil.es\/ca\/wp-json\/wp\/v2\/product\/364088","targetHints":{"allow":["GET"]}}],"collection":[{"href":"https:\/\/grupotextil.es\/ca\/wp-json\/wp\/v2\/product"}],"about":[{"href":"https:\/\/grupotextil.es\/ca\/wp-json\/wp\/v2\/types\/product"}],"replies":[{"embeddable":true,"href":"https:\/\/grupotextil.es\/ca\/wp-json\/wp\/v2\/comments?post=364088"}],"wp:featuredmedia":[{"embeddable":true,"href":"https:\/\/grupotextil.es\/ca\/wp-json\/wp\/v2\/media\/411317"}],"wp:attachment":[{"href":"https:\/\/grupotextil.es\/ca\/wp-json\/wp\/v2\/media?parent=364088"}],"wp:term":[{"taxonomy":"product_brand","embeddable":true,"href":"https:\/\/grupotextil.es\/ca\/wp-json\/wp\/v2\/product_brand?post=364088"},{"taxonomy":"product_cat","embeddable":true,"href":"https:\/\/grupotextil.es\/ca\/wp-json\/wp\/v2\/product_cat?post=364088"},{"taxonomy":"product_tag","embeddable":true,"href":"https:\/\/grupotextil.es\/ca\/wp-json\/wp\/v2\/product_tag?post=364088"}],"curies":[{"name":"wp","href":"https:\/\/api.w.org\/{rel}","templated":true}]}}