{"id":364399,"date":"2026-03-08T02:07:58","date_gmt":"2026-03-08T01:07:58","guid":{"rendered":"https:\/\/grupotextil.es\/producto\/mens-boxy-sweatshirt\/"},"modified":"2026-03-08T02:07:58","modified_gmt":"2026-03-08T01:07:58","slug":"mens-boxy-sweatshirt","status":"publish","type":"product","link":"https:\/\/grupotextil.es\/ca\/product\/mens-boxy-sweatshirt\/","title":{"rendered":"Mens Boxy Sweatshirt"},"content":{"rendered":"<ul>\n<li>370 g\/m\u00b2<\/li>\n<li>87% algod\u00f3n org\u00e1nico, 13% poli\u00e9ster reciclado<\/li>\n<li>Estilo del Grupo H&amp;M<\/li>\n<li>Costura de una sola aguja en el borde de la manga y el borde del dobladillo inferior<\/li>\n<li>Puntada cruzada en sisa y cuello<\/li>\n<li>Costura plana en la costura lateral<\/li>\n<li>Costura de hombro con puntada de cadena<\/li>\n<li>Cinta para el interior del cuello<\/li>\n<li>Costilla 1X1<\/li>\n<li>Sensaci\u00f3n en la mano: Peso pesado y seco<\/li>\n<li>Sensaci\u00f3n en la mano: Peso pesado y seco<\/li>\n<\/ul>","protected":false},"excerpt":{"rendered":"<p>370 g\/m\u00b287% algod\u00f3n org\u00e1nico, 13% poli\u00e9ster recicladoEstilo del Grupo H&#038;MCostura de una sola aguja en el borde de la manga y el borde del dobladillo inferiorPuntada cruzada en sisa y cuelloCostura pla<\/p>","protected":false},"featured_media":411372,"comment_status":"open","ping_status":"closed","template":"","meta":{"_acf_changed":false},"product_brand":[11661],"product_cat":[13974,13975,13973,13980,13989],"product_tag":[],"class_list":{"0":"post-364399","1":"product","2":"type-product","3":"status-publish","4":"has-post-thumbnail","6":"product_brand-true-blanks","7":"product_cat-ropa-hombre","8":"product_cat-ropa-mujer","9":"product_cat-ropa","10":"product_cat-h-sudaderas","11":"product_cat-m-sudaderas","12":"tm-no-options","14":"first","15":"instock","16":"taxable","17":"shipping-taxable","18":"product-type-variable"},"acf":[],"_links":{"self":[{"href":"https:\/\/grupotextil.es\/ca\/wp-json\/wp\/v2\/product\/364399","targetHints":{"allow":["GET"]}}],"collection":[{"href":"https:\/\/grupotextil.es\/ca\/wp-json\/wp\/v2\/product"}],"about":[{"href":"https:\/\/grupotextil.es\/ca\/wp-json\/wp\/v2\/types\/product"}],"replies":[{"embeddable":true,"href":"https:\/\/grupotextil.es\/ca\/wp-json\/wp\/v2\/comments?post=364399"}],"wp:featuredmedia":[{"embeddable":true,"href":"https:\/\/grupotextil.es\/ca\/wp-json\/wp\/v2\/media\/411372"}],"wp:attachment":[{"href":"https:\/\/grupotextil.es\/ca\/wp-json\/wp\/v2\/media?parent=364399"}],"wp:term":[{"taxonomy":"product_brand","embeddable":true,"href":"https:\/\/grupotextil.es\/ca\/wp-json\/wp\/v2\/product_brand?post=364399"},{"taxonomy":"product_cat","embeddable":true,"href":"https:\/\/grupotextil.es\/ca\/wp-json\/wp\/v2\/product_cat?post=364399"},{"taxonomy":"product_tag","embeddable":true,"href":"https:\/\/grupotextil.es\/ca\/wp-json\/wp\/v2\/product_tag?post=364399"}],"curies":[{"name":"wp","href":"https:\/\/api.w.org\/{rel}","templated":true}]}}