{"id":364469,"date":"2026-03-08T02:08:01","date_gmt":"2026-03-08T01:08:01","guid":{"rendered":"https:\/\/grupotextil.es\/producto\/sudadera-ligera-cremallera-1-4-hombre\/"},"modified":"2026-03-08T02:08:01","modified_gmt":"2026-03-08T01:08:01","slug":"sudadera-ligera-cremallera-1-4-hombre","status":"publish","type":"product","link":"https:\/\/grupotextil.es\/ca\/product\/sudadera-ligera-cremallera-1-4-hombre\/","title":{"rendered":"Sudadera ligera cremallera 1\/4 hombre"},"content":{"rendered":"<ul>\n<li>240 g\/m\u00b2<\/li>\n<li>80% algod\u00f3n, 20% poli\u00e9ster<\/li>\n<li>Tejido ligero sin felpar<\/li>\n<li>Cremallera cubierta para mejor impresi\u00f3n<\/li>\n<li>Mangas ragl\u00e1n<\/li>\n<li>Cintura y pu\u00f1os en algod\u00f3n\/elastano<\/li>\n<\/ul>","protected":false},"excerpt":{"rendered":"<p>240 g\/m\u00b280% algod\u00f3n, 20% poli\u00e9sterTejido ligero sin felparCremallera cubierta para mejor impresi\u00f3nMangas ragl\u00e1nCintura y pu\u00f1os en algod\u00f3n\/elastano<\/p>","protected":false},"featured_media":411398,"comment_status":"open","ping_status":"closed","template":"","meta":{"_acf_changed":false},"product_brand":[11665],"product_cat":[13974,13975,13973,13980,13989],"product_tag":[],"class_list":{"0":"post-364469","1":"product","2":"type-product","3":"status-publish","4":"has-post-thumbnail","6":"product_brand-fruit-of-the-loom","7":"product_cat-ropa-hombre","8":"product_cat-ropa-mujer","9":"product_cat-ropa","10":"product_cat-h-sudaderas","11":"product_cat-m-sudaderas","12":"tm-no-options","14":"first","15":"instock","16":"taxable","17":"shipping-taxable","18":"product-type-variable"},"acf":[],"_links":{"self":[{"href":"https:\/\/grupotextil.es\/ca\/wp-json\/wp\/v2\/product\/364469","targetHints":{"allow":["GET"]}}],"collection":[{"href":"https:\/\/grupotextil.es\/ca\/wp-json\/wp\/v2\/product"}],"about":[{"href":"https:\/\/grupotextil.es\/ca\/wp-json\/wp\/v2\/types\/product"}],"replies":[{"embeddable":true,"href":"https:\/\/grupotextil.es\/ca\/wp-json\/wp\/v2\/comments?post=364469"}],"wp:featuredmedia":[{"embeddable":true,"href":"https:\/\/grupotextil.es\/ca\/wp-json\/wp\/v2\/media\/411398"}],"wp:attachment":[{"href":"https:\/\/grupotextil.es\/ca\/wp-json\/wp\/v2\/media?parent=364469"}],"wp:term":[{"taxonomy":"product_brand","embeddable":true,"href":"https:\/\/grupotextil.es\/ca\/wp-json\/wp\/v2\/product_brand?post=364469"},{"taxonomy":"product_cat","embeddable":true,"href":"https:\/\/grupotextil.es\/ca\/wp-json\/wp\/v2\/product_cat?post=364469"},{"taxonomy":"product_tag","embeddable":true,"href":"https:\/\/grupotextil.es\/ca\/wp-json\/wp\/v2\/product_tag?post=364469"}],"curies":[{"name":"wp","href":"https:\/\/api.w.org\/{rel}","templated":true}]}}