{"id":364481,"date":"2026-03-08T02:08:05","date_gmt":"2026-03-08T01:08:05","guid":{"rendered":"https:\/\/grupotextil.es\/producto\/jerzees-eco-premium-blend-sweatshirt\/"},"modified":"2026-03-08T02:08:05","modified_gmt":"2026-03-08T01:08:05","slug":"jerzees-eco-premium-blend-sweatshirt","status":"publish","type":"product","link":"https:\/\/grupotextil.es\/ca\/product\/jerzees-eco-premium-blend-sweatshirt\/","title":{"rendered":"JERZEES Eco Premium Blend Sweatshirt"},"content":{"rendered":"<ul>\n<li>288 g\/m\u00b2<\/li>\n<li>57% Algod\u00f3n, peinado ring-spun, 43% Poli\u00e9ster reciclado (preencogido)<\/li>\n<li>Forro polar rico en algod\u00f3n de 3 puntas para una suavidad superior.<\/li>\n<li>Confeccionado con algod\u00f3n cultivado en EE. UU. de origen sostenible<\/li>\n<li>Alta densidad de puntada para un lienzo de impresi\u00f3n suave<\/li>\n<li>Costuras de cobertura con dos agujas en cuello, sisas y cinturilla.<\/li>\n<li>Cinta de hombro a hombro<\/li>\n<li>Cuello, pu\u00f1os y cintura de canal\u00e9 2&#215;2<\/li>\n<li>Absorbe la humedad para comodidad durante todo el d\u00eda.<\/li>\n<\/ul>","protected":false},"excerpt":{"rendered":"<p>288 g\/m\u00b257% Algod\u00f3n, peinado ring-spun, 43% Poli\u00e9ster reciclado (preencogido)Forro polar rico en algod\u00f3n de 3 puntas para una suavidad superior.Confeccionado con algod\u00f3n cultivado en EE. UU.<\/p>","protected":false},"featured_media":411404,"comment_status":"open","ping_status":"closed","template":"","meta":{"_acf_changed":false},"product_brand":[11674],"product_cat":[13974,13975,13973,13980,13989],"product_tag":[],"class_list":{"0":"post-364481","1":"product","2":"type-product","3":"status-publish","4":"has-post-thumbnail","6":"product_brand-jerzees","7":"product_cat-ropa-hombre","8":"product_cat-ropa-mujer","9":"product_cat-ropa","10":"product_cat-h-sudaderas","11":"product_cat-m-sudaderas","12":"tm-no-options","14":"first","15":"instock","16":"taxable","17":"shipping-taxable","18":"product-type-variable"},"acf":[],"_links":{"self":[{"href":"https:\/\/grupotextil.es\/ca\/wp-json\/wp\/v2\/product\/364481","targetHints":{"allow":["GET"]}}],"collection":[{"href":"https:\/\/grupotextil.es\/ca\/wp-json\/wp\/v2\/product"}],"about":[{"href":"https:\/\/grupotextil.es\/ca\/wp-json\/wp\/v2\/types\/product"}],"replies":[{"embeddable":true,"href":"https:\/\/grupotextil.es\/ca\/wp-json\/wp\/v2\/comments?post=364481"}],"wp:featuredmedia":[{"embeddable":true,"href":"https:\/\/grupotextil.es\/ca\/wp-json\/wp\/v2\/media\/411404"}],"wp:attachment":[{"href":"https:\/\/grupotextil.es\/ca\/wp-json\/wp\/v2\/media?parent=364481"}],"wp:term":[{"taxonomy":"product_brand","embeddable":true,"href":"https:\/\/grupotextil.es\/ca\/wp-json\/wp\/v2\/product_brand?post=364481"},{"taxonomy":"product_cat","embeddable":true,"href":"https:\/\/grupotextil.es\/ca\/wp-json\/wp\/v2\/product_cat?post=364481"},{"taxonomy":"product_tag","embeddable":true,"href":"https:\/\/grupotextil.es\/ca\/wp-json\/wp\/v2\/product_tag?post=364481"}],"curies":[{"name":"wp","href":"https:\/\/api.w.org\/{rel}","templated":true}]}}