{"id":364556,"date":"2026-03-08T02:08:53","date_gmt":"2026-03-08T01:08:53","guid":{"rendered":"https:\/\/grupotextil.es\/producto\/sudadera-media-cremallera\/"},"modified":"2026-03-08T02:08:53","modified_gmt":"2026-03-08T01:08:53","slug":"sudadera-media-cremallera","status":"publish","type":"product","link":"https:\/\/grupotextil.es\/ca\/product\/sudadera-media-cremallera\/","title":{"rendered":"Sweatshirt Half Zip"},"content":{"rendered":"<ul>\n<li>310-320 g\/m\u00b2<\/li>\n<li>70% algod\u00f3n ringpsun, 30% poli\u00e9ster<\/li>\n<li>Tejido heavyweight de doble te\u00f1ido<\/li>\n<li>Tejido de 3 hilos para una superf\u00edcie lisa<\/li>\n<li>Interior perchado<\/li>\n<li>Cuello y bajos en canal\u00e9<\/li>\n<li>Pu\u00f1o el\u00e1stico a doble costura<\/li>\n<li>Bolsillos laterales<\/li>\n<\/ul>","protected":false},"excerpt":{"rendered":"<p>310-320 g\/m\u00b270% algod\u00f3n ringpsun, 30% poli\u00e9sterTejido heavyweight de doble te\u00f1idoTejido de 3 hilos para una superf\u00edcie lisaInterior perchadoCuello y bajos en canal\u00e9Pu\u00f1o el\u00e1stico a doble costuraBolsill<\/p>","protected":false},"featured_media":411426,"comment_status":"open","ping_status":"closed","template":"","meta":{"_acf_changed":false},"product_brand":[11671],"product_cat":[13974,13975,13973,13980,13989],"product_tag":[14009],"class_list":{"0":"post-364556","1":"product","2":"type-product","3":"status-publish","4":"has-post-thumbnail","6":"product_brand-tee-jays","7":"product_cat-ropa-hombre","8":"product_cat-ropa-mujer","9":"product_cat-ropa","10":"product_cat-h-sudaderas","11":"product_cat-m-sudaderas","12":"product_tag-top-ventas","13":"tm-no-options","15":"first","16":"instock","17":"taxable","18":"shipping-taxable","19":"product-type-variable"},"acf":[],"_links":{"self":[{"href":"https:\/\/grupotextil.es\/ca\/wp-json\/wp\/v2\/product\/364556","targetHints":{"allow":["GET"]}}],"collection":[{"href":"https:\/\/grupotextil.es\/ca\/wp-json\/wp\/v2\/product"}],"about":[{"href":"https:\/\/grupotextil.es\/ca\/wp-json\/wp\/v2\/types\/product"}],"replies":[{"embeddable":true,"href":"https:\/\/grupotextil.es\/ca\/wp-json\/wp\/v2\/comments?post=364556"}],"wp:featuredmedia":[{"embeddable":true,"href":"https:\/\/grupotextil.es\/ca\/wp-json\/wp\/v2\/media\/411426"}],"wp:attachment":[{"href":"https:\/\/grupotextil.es\/ca\/wp-json\/wp\/v2\/media?parent=364556"}],"wp:term":[{"taxonomy":"product_brand","embeddable":true,"href":"https:\/\/grupotextil.es\/ca\/wp-json\/wp\/v2\/product_brand?post=364556"},{"taxonomy":"product_cat","embeddable":true,"href":"https:\/\/grupotextil.es\/ca\/wp-json\/wp\/v2\/product_cat?post=364556"},{"taxonomy":"product_tag","embeddable":true,"href":"https:\/\/grupotextil.es\/ca\/wp-json\/wp\/v2\/product_tag?post=364556"}],"curies":[{"name":"wp","href":"https:\/\/api.w.org\/{rel}","templated":true}]}}