{"id":364636,"date":"2026-03-08T02:09:06","date_gmt":"2026-03-08T01:09:06","guid":{"rendered":"https:\/\/grupotextil.es\/producto\/sudadera-con-capucha-jerzees-eco-premium-blend\/"},"modified":"2026-03-08T02:09:06","modified_gmt":"2026-03-08T01:09:06","slug":"sudadera-con-capucha-jerzees-eco-premium-blend","status":"publish","type":"product","link":"https:\/\/grupotextil.es\/ca\/product\/sudadera-con-capucha-jerzees-eco-premium-blend\/","title":{"rendered":"Sudadera con capucha JERZEES Eco Premium Blend"},"content":{"rendered":"<ul>\n<li>288 g\/m\u00b2<\/li>\n<li>57 % algod\u00f3n peinado ring-spun, 43 % poli\u00e9ster reciclado (preencogido)<\/li>\n<li>Vell\u00f3n de tres extremos rico en algod\u00f3n para una suavidad superior<\/li>\n<li>Fabricado con algod\u00f3n cultivado en EE. UU. y de origen sostenible<\/li>\n<li>Alta densidad de puntada para un lienzo de impresi\u00f3n suave<\/li>\n<li>Capucha forrada de jersey de 2 capas con ojales<\/li>\n<li>Cord\u00f3n plano con punta y nudo, te\u00f1ido a juego<\/li>\n<li>Costuras de doble aguja en cuello, sisas y cinturilla<\/li>\n<li>Vendaje de hombro a hombro<\/li>\n<li>Bolsillo frontal tipo canguro<\/li>\n<li>Pu\u00f1os y cinturilla de canal\u00e9 2&#215;2<\/li>\n<li>Absorbe la humedad para una comodidad durante todo el d\u00eda.<\/li>\n<\/ul>","protected":false},"excerpt":{"rendered":"<p>288 g\/m\u00b257 % algod\u00f3n peinado ring-spun, 43 % poli\u00e9ster reciclado (preencogido)Vell\u00f3n de tres extremos rico en algod\u00f3n para una suavidad superiorFabricado con algod\u00f3n cultivado en EE. UU.<\/p>","protected":false},"featured_media":411481,"comment_status":"open","ping_status":"closed","template":"","meta":{"_acf_changed":false},"product_brand":[11674],"product_cat":[13974,13975,13973,13980,13989],"product_tag":[],"class_list":{"0":"post-364636","1":"product","2":"type-product","3":"status-publish","4":"has-post-thumbnail","6":"product_brand-jerzees","7":"product_cat-ropa-hombre","8":"product_cat-ropa-mujer","9":"product_cat-ropa","10":"product_cat-h-sudaderas","11":"product_cat-m-sudaderas","12":"tm-no-options","14":"first","15":"instock","16":"taxable","17":"shipping-taxable","18":"product-type-variable"},"acf":[],"_links":{"self":[{"href":"https:\/\/grupotextil.es\/ca\/wp-json\/wp\/v2\/product\/364636","targetHints":{"allow":["GET"]}}],"collection":[{"href":"https:\/\/grupotextil.es\/ca\/wp-json\/wp\/v2\/product"}],"about":[{"href":"https:\/\/grupotextil.es\/ca\/wp-json\/wp\/v2\/types\/product"}],"replies":[{"embeddable":true,"href":"https:\/\/grupotextil.es\/ca\/wp-json\/wp\/v2\/comments?post=364636"}],"wp:featuredmedia":[{"embeddable":true,"href":"https:\/\/grupotextil.es\/ca\/wp-json\/wp\/v2\/media\/411481"}],"wp:attachment":[{"href":"https:\/\/grupotextil.es\/ca\/wp-json\/wp\/v2\/media?parent=364636"}],"wp:term":[{"taxonomy":"product_brand","embeddable":true,"href":"https:\/\/grupotextil.es\/ca\/wp-json\/wp\/v2\/product_brand?post=364636"},{"taxonomy":"product_cat","embeddable":true,"href":"https:\/\/grupotextil.es\/ca\/wp-json\/wp\/v2\/product_cat?post=364636"},{"taxonomy":"product_tag","embeddable":true,"href":"https:\/\/grupotextil.es\/ca\/wp-json\/wp\/v2\/product_tag?post=364636"}],"curies":[{"name":"wp","href":"https:\/\/api.w.org\/{rel}","templated":true}]}}