{"id":364791,"date":"2026-03-08T02:09:58","date_gmt":"2026-03-08T01:09:58","guid":{"rendered":"https:\/\/grupotextil.es\/producto\/nublend-colour-block-raglan-hooded-sweatshirt\/"},"modified":"2026-03-08T02:09:58","modified_gmt":"2026-03-08T01:09:58","slug":"nublend-colour-block-raglan-hooded-sweatshirt","status":"publish","type":"product","link":"https:\/\/grupotextil.es\/ca\/product\/nublend-colour-block-raglan-hooded-sweatshirt\/","title":{"rendered":"NuBlend Colour Block Raglan con capucha Sudadera"},"content":{"rendered":"<ul>\n<li>271 g\/m\u00b2<\/li>\n<li>50 % algod\u00f3n, 50 % poli\u00e9ster (NuBlend\u00ae preencogido)<\/li>\n<li>Oxford: 51 % poli\u00e9ster, 49 % algod\u00f3n<\/li>\n<li>Fabricado con algod\u00f3n cultivado en EE. UU. y de origen sostenible.<\/li>\n<li>Alta densidad de puntada para un lienzo de impresi\u00f3n suave.<\/li>\n<li>Pespunte con una sola aguja en el cuello delantero<\/li>\n<li>Capucha forrada de 2 capas con ojales<\/li>\n<li>Forro de capucha en contraste, ribete de cinta en el cuello, cord\u00f3n de tejido plano y mangas<\/li>\n<li>Costuras de doble aguja en sisas y cinturilla.<\/li>\n<li>Bolsillo frontal tipo cangurera<\/li>\n<li>Pu\u00f1os y cinturilla en canal\u00e9 1&#215;1.<\/li>\n<\/ul>","protected":false},"excerpt":{"rendered":"<p>271 g\/m\u00b250 % algod\u00f3n, 50 % poli\u00e9ster (NuBlend\u00ae preencogido)Oxford: 51 % poli\u00e9ster, 49 % algod\u00f3nFabricado con algod\u00f3n cultivado en EE. UU.<\/p>","protected":false},"featured_media":411548,"comment_status":"open","ping_status":"closed","template":"","meta":{"_acf_changed":false},"product_brand":[11674],"product_cat":[13974,13975,13973,13980,13989],"product_tag":[],"class_list":{"0":"post-364791","1":"product","2":"type-product","3":"status-publish","4":"has-post-thumbnail","6":"product_brand-jerzees","7":"product_cat-ropa-hombre","8":"product_cat-ropa-mujer","9":"product_cat-ropa","10":"product_cat-h-sudaderas","11":"product_cat-m-sudaderas","12":"tm-no-options","14":"first","15":"instock","16":"taxable","17":"shipping-taxable","18":"product-type-variable"},"acf":[],"_links":{"self":[{"href":"https:\/\/grupotextil.es\/ca\/wp-json\/wp\/v2\/product\/364791","targetHints":{"allow":["GET"]}}],"collection":[{"href":"https:\/\/grupotextil.es\/ca\/wp-json\/wp\/v2\/product"}],"about":[{"href":"https:\/\/grupotextil.es\/ca\/wp-json\/wp\/v2\/types\/product"}],"replies":[{"embeddable":true,"href":"https:\/\/grupotextil.es\/ca\/wp-json\/wp\/v2\/comments?post=364791"}],"wp:featuredmedia":[{"embeddable":true,"href":"https:\/\/grupotextil.es\/ca\/wp-json\/wp\/v2\/media\/411548"}],"wp:attachment":[{"href":"https:\/\/grupotextil.es\/ca\/wp-json\/wp\/v2\/media?parent=364791"}],"wp:term":[{"taxonomy":"product_brand","embeddable":true,"href":"https:\/\/grupotextil.es\/ca\/wp-json\/wp\/v2\/product_brand?post=364791"},{"taxonomy":"product_cat","embeddable":true,"href":"https:\/\/grupotextil.es\/ca\/wp-json\/wp\/v2\/product_cat?post=364791"},{"taxonomy":"product_tag","embeddable":true,"href":"https:\/\/grupotextil.es\/ca\/wp-json\/wp\/v2\/product_tag?post=364791"}],"curies":[{"name":"wp","href":"https:\/\/api.w.org\/{rel}","templated":true}]}}