{"id":364866,"date":"2026-03-08T02:10:15","date_gmt":"2026-03-08T01:10:15","guid":{"rendered":"https:\/\/grupotextil.es\/producto\/sudadera-cremallera-entera\/"},"modified":"2026-03-08T02:10:15","modified_gmt":"2026-03-08T01:10:15","slug":"sudadera-cremallera-entera","status":"publish","type":"product","link":"https:\/\/grupotextil.es\/ca\/product\/sudadera-cremallera-entera\/","title":{"rendered":"Sweatshirt Full Zip"},"content":{"rendered":"<ul>\n<li>280 g\/m\u00b2<\/li>\n<li>80% Algod\u00f3n (inversi\u00f3n en Better Cotton), 20% Poli\u00e9ster<\/li>\n<li>Cremallera entera<\/li>\n<li>Cuello en canal\u00e9<\/li>\n<li>Manga montada y pu\u00f1os con pespunte decorativo<\/li>\n<li>Pespuntes decorativos en bolsillos de ojal delanteros<\/li>\n<li>Pespunte decorativo en espalda desde la manga al bajo<\/li>\n<li>Pu\u00f1os y bajo en canal\u00e9<\/li>\n<li>Sin etiqueta para un rebranding sencillo<\/li>\n<\/ul>","protected":false},"excerpt":{"rendered":"<p>280 g\/m\u00b280% Algod\u00f3n (inversi\u00f3n en Better Cotton), 20% Poli\u00e9sterCremallera enteraCuello en canal\u00e9Manga montada y pu\u00f1os con pespunte decorativoPespuntes decorativos en bolsillos de ojal delanterosPespun<\/p>","protected":false},"featured_media":411577,"comment_status":"open","ping_status":"closed","template":"","meta":{"_acf_changed":false},"product_brand":[11653],"product_cat":[13974,13975,13973,13980,13989],"product_tag":[],"class_list":{"0":"post-364866","1":"product","2":"type-product","3":"status-publish","4":"has-post-thumbnail","6":"product_brand-b-c","7":"product_cat-ropa-hombre","8":"product_cat-ropa-mujer","9":"product_cat-ropa","10":"product_cat-h-sudaderas","11":"product_cat-m-sudaderas","12":"tm-no-options","14":"first","15":"instock","16":"taxable","17":"shipping-taxable","18":"product-type-variable"},"acf":[],"_links":{"self":[{"href":"https:\/\/grupotextil.es\/ca\/wp-json\/wp\/v2\/product\/364866","targetHints":{"allow":["GET"]}}],"collection":[{"href":"https:\/\/grupotextil.es\/ca\/wp-json\/wp\/v2\/product"}],"about":[{"href":"https:\/\/grupotextil.es\/ca\/wp-json\/wp\/v2\/types\/product"}],"replies":[{"embeddable":true,"href":"https:\/\/grupotextil.es\/ca\/wp-json\/wp\/v2\/comments?post=364866"}],"wp:featuredmedia":[{"embeddable":true,"href":"https:\/\/grupotextil.es\/ca\/wp-json\/wp\/v2\/media\/411577"}],"wp:attachment":[{"href":"https:\/\/grupotextil.es\/ca\/wp-json\/wp\/v2\/media?parent=364866"}],"wp:term":[{"taxonomy":"product_brand","embeddable":true,"href":"https:\/\/grupotextil.es\/ca\/wp-json\/wp\/v2\/product_brand?post=364866"},{"taxonomy":"product_cat","embeddable":true,"href":"https:\/\/grupotextil.es\/ca\/wp-json\/wp\/v2\/product_cat?post=364866"},{"taxonomy":"product_tag","embeddable":true,"href":"https:\/\/grupotextil.es\/ca\/wp-json\/wp\/v2\/product_tag?post=364866"}],"curies":[{"name":"wp","href":"https:\/\/api.w.org\/{rel}","templated":true}]}}