{"id":364879,"date":"2026-03-08T02:10:16","date_gmt":"2026-03-08T01:10:16","guid":{"rendered":"https:\/\/grupotextil.es\/producto\/sudadera-cremallera-entera-classic\/"},"modified":"2026-03-08T02:10:16","modified_gmt":"2026-03-08T01:10:16","slug":"sudadera-cremallera-entera-classic","status":"publish","type":"product","link":"https:\/\/grupotextil.es\/ca\/product\/sudadera-cremallera-entera-classic\/","title":{"rendered":"Sweatshirt Full Zip Classic"},"content":{"rendered":"<ul>\n<li>280 g\/m\u00b2<\/li>\n<li>80% algod\u00f3n, 20% poli\u00e9ster<\/li>\n<li>Cremallera oculta para mayor \u00e1rea de impresi\u00f3n<\/li>\n<li>Cuello alto con cinta en punto simple<\/li>\n<li>Cremallera entera estrecha y dos bolsillos frontales<\/li>\n<li>Bajo y pu\u00f1os en canal\u00e9 de algod\u00f3n\/Lycra\u00ae para mantener la forma<\/li>\n<\/ul>","protected":false},"excerpt":{"rendered":"<p>280 g\/m\u00b280% algod\u00f3n, 20% poli\u00e9sterCremallera oculta para mayor \u00e1rea de impresi\u00f3nCuello alto con cinta en punto simpleCremallera entera estrecha y dos bolsillos frontalesBajo y pu\u00f1os en canal\u00e9 de algod<\/p>","protected":false},"featured_media":411591,"comment_status":"open","ping_status":"closed","template":"","meta":{"_acf_changed":false},"product_brand":[11665],"product_cat":[13974,13975,13973,13980,13989],"product_tag":[],"class_list":{"0":"post-364879","1":"product","2":"type-product","3":"status-publish","4":"has-post-thumbnail","6":"product_brand-fruit-of-the-loom","7":"product_cat-ropa-hombre","8":"product_cat-ropa-mujer","9":"product_cat-ropa","10":"product_cat-h-sudaderas","11":"product_cat-m-sudaderas","12":"tm-no-options","14":"first","15":"instock","16":"taxable","17":"shipping-taxable","18":"product-type-variable"},"acf":[],"_links":{"self":[{"href":"https:\/\/grupotextil.es\/ca\/wp-json\/wp\/v2\/product\/364879","targetHints":{"allow":["GET"]}}],"collection":[{"href":"https:\/\/grupotextil.es\/ca\/wp-json\/wp\/v2\/product"}],"about":[{"href":"https:\/\/grupotextil.es\/ca\/wp-json\/wp\/v2\/types\/product"}],"replies":[{"embeddable":true,"href":"https:\/\/grupotextil.es\/ca\/wp-json\/wp\/v2\/comments?post=364879"}],"wp:featuredmedia":[{"embeddable":true,"href":"https:\/\/grupotextil.es\/ca\/wp-json\/wp\/v2\/media\/411591"}],"wp:attachment":[{"href":"https:\/\/grupotextil.es\/ca\/wp-json\/wp\/v2\/media?parent=364879"}],"wp:term":[{"taxonomy":"product_brand","embeddable":true,"href":"https:\/\/grupotextil.es\/ca\/wp-json\/wp\/v2\/product_brand?post=364879"},{"taxonomy":"product_cat","embeddable":true,"href":"https:\/\/grupotextil.es\/ca\/wp-json\/wp\/v2\/product_cat?post=364879"},{"taxonomy":"product_tag","embeddable":true,"href":"https:\/\/grupotextil.es\/ca\/wp-json\/wp\/v2\/product_tag?post=364879"}],"curies":[{"name":"wp","href":"https:\/\/api.w.org\/{rel}","templated":true}]}}