{"id":364903,"date":"2026-03-08T02:10:32","date_gmt":"2026-03-08T01:10:32","guid":{"rendered":"https:\/\/grupotextil.es\/producto\/acid-washed-oversized-hoody\/"},"modified":"2026-03-08T02:10:32","modified_gmt":"2026-03-08T01:10:32","slug":"acid-washed-oversized-hoody","status":"publish","type":"product","link":"https:\/\/grupotextil.es\/ca\/product\/acid-washed-oversized-hoody\/","title":{"rendered":"Acid Washed Oversizedd Hoody"},"content":{"rendered":"<ul>\n<li>300 g\/m\u00b2<\/li>\n<li>100% algod\u00f3n<\/li>\n<li>Capucha sin cordones, con costura divisoria en el centro<\/li>\n<li>Hombros ca\u00eddos<\/li>\n<li>Pu\u00f1os y dobladillo de canal\u00e9<\/li>\n<li>Aspecto de lavado \u00e1cido moderno &#8211; Puede haber diferencias en el color. No se puede garantizar uniformidad. Variaciones en el dise\u00f1o no se consideran una deficiencia.<\/li>\n<li>Se puede refinar con estampados o bordados.<\/li>\n<\/ul>","protected":false},"excerpt":{"rendered":"<p>300 g\/m\u00b2100% algod\u00f3nCapucha sin cordones, con costura divisoria en el centroHombros ca\u00eddosPu\u00f1os y dobladillo de canal\u00e9Aspecto de lavado \u00e1cido moderno &#8211; Puede haber diferencias en el color. No se pu&#8230;<\/p>","protected":false},"featured_media":411596,"comment_status":"open","ping_status":"closed","template":"","meta":{"_acf_changed":false},"product_brand":[11675],"product_cat":[13974,13975,13973,13989,13980],"product_tag":[],"class_list":{"0":"post-364903","1":"product","2":"type-product","3":"status-publish","4":"has-post-thumbnail","6":"product_brand-build-your-brand","7":"product_cat-ropa-hombre","8":"product_cat-ropa-mujer","9":"product_cat-ropa","10":"product_cat-m-sudaderas","11":"product_cat-h-sudaderas","12":"tm-no-options","14":"first","15":"instock","16":"taxable","17":"shipping-taxable","18":"product-type-variable"},"acf":[],"_links":{"self":[{"href":"https:\/\/grupotextil.es\/ca\/wp-json\/wp\/v2\/product\/364903","targetHints":{"allow":["GET"]}}],"collection":[{"href":"https:\/\/grupotextil.es\/ca\/wp-json\/wp\/v2\/product"}],"about":[{"href":"https:\/\/grupotextil.es\/ca\/wp-json\/wp\/v2\/types\/product"}],"replies":[{"embeddable":true,"href":"https:\/\/grupotextil.es\/ca\/wp-json\/wp\/v2\/comments?post=364903"}],"wp:featuredmedia":[{"embeddable":true,"href":"https:\/\/grupotextil.es\/ca\/wp-json\/wp\/v2\/media\/411596"}],"wp:attachment":[{"href":"https:\/\/grupotextil.es\/ca\/wp-json\/wp\/v2\/media?parent=364903"}],"wp:term":[{"taxonomy":"product_brand","embeddable":true,"href":"https:\/\/grupotextil.es\/ca\/wp-json\/wp\/v2\/product_brand?post=364903"},{"taxonomy":"product_cat","embeddable":true,"href":"https:\/\/grupotextil.es\/ca\/wp-json\/wp\/v2\/product_cat?post=364903"},{"taxonomy":"product_tag","embeddable":true,"href":"https:\/\/grupotextil.es\/ca\/wp-json\/wp\/v2\/product_tag?post=364903"}],"curies":[{"name":"wp","href":"https:\/\/api.w.org\/{rel}","templated":true}]}}