{"id":364927,"date":"2026-03-08T02:10:33","date_gmt":"2026-03-08T01:10:33","guid":{"rendered":"https:\/\/grupotextil.es\/producto\/sudadera-con-capucha-softstyle-midweight-ninos\/"},"modified":"2026-03-08T02:10:33","modified_gmt":"2026-03-08T01:10:33","slug":"sudadera-con-capucha-softstyle-midweight-ninos","status":"publish","type":"product","link":"https:\/\/grupotextil.es\/ca\/product\/sudadera-con-capucha-softstyle-midweight-ninos\/","title":{"rendered":"Sudadera con capucha Softstyle Midweight ni\u00f1os"},"content":{"rendered":"<ul>\n<li>285 g\/m\u00b2<\/li>\n<li>80% Algod\u00f3n ring-spun, 20% Poli\u00e9ster<\/li>\n<li>Afelpado, interior cepillado y exterior 100% algod\u00f3n.<\/li>\n<li>Capucha con forro tejido de punto del mismo color<\/li>\n<li>hombros ca\u00eddos<\/li>\n<li>Bolsillo tipo canguro<\/li>\n<li>Canal\u00e9 1&#215;1 con pu\u00f1os y banda inferior de elastano para mayor elasticidad y recuperaci\u00f3n.<\/li>\n<li>cuerpo tubular<\/li>\n<li>Etiqueta extra\u00edble de color negro<\/li>\n<li>Cara 100% algod\u00f3n ring-spun, ideal para una variedad de t\u00e9cnicas de decoraci\u00f3n respetuosas con el algod\u00f3n.<\/li>\n<li>Ajuste cl\u00e1sico.<\/li>\n<\/ul>","protected":false},"excerpt":{"rendered":"<p>285 g\/m\u00b280% Algod\u00f3n ring-spun, 20% Poli\u00e9sterAfelpado, interior cepillado y exterior 100% algod\u00f3n.<\/p>","protected":false},"featured_media":411598,"comment_status":"open","ping_status":"closed","template":"","meta":{"_acf_changed":false},"product_brand":[11666],"product_cat":[13974,13975,13973,13980,13989],"product_tag":[],"class_list":{"0":"post-364927","1":"product","2":"type-product","3":"status-publish","4":"has-post-thumbnail","6":"product_brand-gildan","7":"product_cat-ropa-hombre","8":"product_cat-ropa-mujer","9":"product_cat-ropa","10":"product_cat-h-sudaderas","11":"product_cat-m-sudaderas","12":"tm-no-options","14":"first","15":"instock","16":"taxable","17":"shipping-taxable","18":"product-type-variable"},"acf":[],"_links":{"self":[{"href":"https:\/\/grupotextil.es\/ca\/wp-json\/wp\/v2\/product\/364927","targetHints":{"allow":["GET"]}}],"collection":[{"href":"https:\/\/grupotextil.es\/ca\/wp-json\/wp\/v2\/product"}],"about":[{"href":"https:\/\/grupotextil.es\/ca\/wp-json\/wp\/v2\/types\/product"}],"replies":[{"embeddable":true,"href":"https:\/\/grupotextil.es\/ca\/wp-json\/wp\/v2\/comments?post=364927"}],"wp:featuredmedia":[{"embeddable":true,"href":"https:\/\/grupotextil.es\/ca\/wp-json\/wp\/v2\/media\/411598"}],"wp:attachment":[{"href":"https:\/\/grupotextil.es\/ca\/wp-json\/wp\/v2\/media?parent=364927"}],"wp:term":[{"taxonomy":"product_brand","embeddable":true,"href":"https:\/\/grupotextil.es\/ca\/wp-json\/wp\/v2\/product_brand?post=364927"},{"taxonomy":"product_cat","embeddable":true,"href":"https:\/\/grupotextil.es\/ca\/wp-json\/wp\/v2\/product_cat?post=364927"},{"taxonomy":"product_tag","embeddable":true,"href":"https:\/\/grupotextil.es\/ca\/wp-json\/wp\/v2\/product_tag?post=364927"}],"curies":[{"name":"wp","href":"https:\/\/api.w.org\/{rel}","templated":true}]}}