{"id":365055,"date":"2026-03-08T02:11:53","date_gmt":"2026-03-08T01:11:53","guid":{"rendered":"https:\/\/grupotextil.es\/producto\/sudadera-con-capucha-softstyle-midweigh-cremallera\/"},"modified":"2026-03-08T02:11:53","modified_gmt":"2026-03-08T01:11:53","slug":"sudadera-con-capucha-softstyle-midweigh-cremallera","status":"publish","type":"product","link":"https:\/\/grupotextil.es\/ca\/product\/sudadera-con-capucha-softstyle-midweigh-cremallera\/","title":{"rendered":"Sudadera con capucha Softstyle Midweigh cremallera"},"content":{"rendered":"<ul>\n<li>285 g\/m\u00b2<\/li>\n<li>80% Algod\u00f3n ring-spun, 20% Poli\u00e9ster<\/li>\n<li>Interior peinado, afelpado<\/li>\n<li>Cremallera completa te\u00f1ida a juego<\/li>\n<li>Hombro ca\u00eddo<\/li>\n<li>Bolsillo tipo canguro<\/li>\n<li>Costilla 1&#215;1 con pu\u00f1os de spandex y banda inferior para mayor elasticidad y recuperaci\u00f3n.<\/li>\n<li>cuerpo sin costuras<\/li>\n<li>Etiqueta reciclada extra\u00edble negra<\/li>\n<li>Cara 100% algod\u00f3n ring-spun, ideal para una variedad de t\u00e9cnicas de decoraci\u00f3n respetuosas con el algod\u00f3n.<\/li>\n<li>Ajuste cl\u00e1sico.<\/li>\n<\/ul>","protected":false},"excerpt":{"rendered":"<p>285 g\/m\u00b280% Algod\u00f3n ring-spun, 20% Poli\u00e9sterInterior peinado, afelpadoCremallera completa te\u00f1ida a juegoHombro ca\u00eddoBolsillo tipo canguroCostilla 1&#215;1 con pu\u00f1os de spandex y banda inferior para mayo&#8230;<\/p>","protected":false},"featured_media":411612,"comment_status":"open","ping_status":"closed","template":"","meta":{"_acf_changed":false},"product_brand":[11666],"product_cat":[13974,13975,13973,13980,13989],"product_tag":[],"class_list":{"0":"post-365055","1":"product","2":"type-product","3":"status-publish","4":"has-post-thumbnail","6":"product_brand-gildan","7":"product_cat-ropa-hombre","8":"product_cat-ropa-mujer","9":"product_cat-ropa","10":"product_cat-h-sudaderas","11":"product_cat-m-sudaderas","12":"tm-no-options","14":"first","15":"instock","16":"taxable","17":"shipping-taxable","18":"product-type-variable"},"acf":[],"_links":{"self":[{"href":"https:\/\/grupotextil.es\/ca\/wp-json\/wp\/v2\/product\/365055","targetHints":{"allow":["GET"]}}],"collection":[{"href":"https:\/\/grupotextil.es\/ca\/wp-json\/wp\/v2\/product"}],"about":[{"href":"https:\/\/grupotextil.es\/ca\/wp-json\/wp\/v2\/types\/product"}],"replies":[{"embeddable":true,"href":"https:\/\/grupotextil.es\/ca\/wp-json\/wp\/v2\/comments?post=365055"}],"wp:featuredmedia":[{"embeddable":true,"href":"https:\/\/grupotextil.es\/ca\/wp-json\/wp\/v2\/media\/411612"}],"wp:attachment":[{"href":"https:\/\/grupotextil.es\/ca\/wp-json\/wp\/v2\/media?parent=365055"}],"wp:term":[{"taxonomy":"product_brand","embeddable":true,"href":"https:\/\/grupotextil.es\/ca\/wp-json\/wp\/v2\/product_brand?post=365055"},{"taxonomy":"product_cat","embeddable":true,"href":"https:\/\/grupotextil.es\/ca\/wp-json\/wp\/v2\/product_cat?post=365055"},{"taxonomy":"product_tag","embeddable":true,"href":"https:\/\/grupotextil.es\/ca\/wp-json\/wp\/v2\/product_tag?post=365055"}],"curies":[{"name":"wp","href":"https:\/\/api.w.org\/{rel}","templated":true}]}}